{"id":8579,"date":"2024-07-18T17:00:33","date_gmt":"2024-07-18T15:00:33","guid":{"rendered":"https:\/\/www.palumboegigante.it\/prodotto\/longines-legend-diver\/"},"modified":"2026-04-06T03:10:45","modified_gmt":"2026-04-06T01:10:45","slug":"longines-legend-diver","status":"publish","type":"product","link":"https:\/\/www.palumboegigante.it\/it\/prodotto\/longines-legend-diver\/","title":{"rendered":"Longines Legend Diver"},"content":{"rendered":"<p>\u00c8 immediatamente riconoscibile grazie alle due corone e alla lunetta girevole interna. Il nuovo LONGINES LEGEND DIVER viene riproposto con un diametro da 39 mm, fedele al modello originale del 1959 a cui si ispira.     Impermeabile fino a 30 bar (300 m), la referenza \u00e8 animata dall&#8217;esclusivo calibro Longines L888.6 resistente ai campi magnetici e dotato di bilanciere-spirale in silicio. Questo movimento ha una riserva di carica fino a 72 ore. L&#8217;intero orologio \u00e8 certificato cronometro dal COSC. Le ore sono indicate da indici allungati e numeri arabi luminescenti in rilievo. Le lancette a forma di freccia rodiate e lucidate, rivestite di Super LumiNova\u00ae, segnano il tempo con una visibilit\u00e0 ottimale in ogni condizione. Il simbolo della collezione, un subacqueo, \u00e8 impresso sul fondello angolato avvitato dell&#8217;orologio.     Questo modello con quadrante nero \u00e8 dotato di un cinturino in pelle marrone con fibbia ad ardiglione in acciaio.<\/p>\n","protected":false},"excerpt":{"rendered":"<p>39 mm<\/p>\n","protected":false},"featured_media":8578,"template":"","meta":{"_acf_changed":false,"inline_featured_image":false},"product_brand":[],"product_cat":[28],"product_tag":[],"class_list":{"0":"post-8579","1":"product","2":"type-product","3":"status-publish","4":"has-post-thumbnail","6":"product_cat-automatici","7":"pa_brand-longines","9":"first","10":"instock","11":"shipping-taxable","12":"purchasable","13":"product-type-simple","14":"add-to-wishlist-before_image"},"acf":[],"yoast_head":"<!-- This site is optimized with the Yoast SEO plugin v25.9 - https:\/\/yoast.com\/wordpress\/plugins\/seo\/ -->\n<title>Longines Legend Diver LONGINES | Palumbo &amp; Gigante Palermo e Termini Imerese<\/title>\n<meta name=\"description\" content=\"Longines Legend Diver 39 mm LONGINES: acquista online o prenota un appuntamento in boutique.\" \/>\n<meta name=\"robots\" content=\"index, follow, max-snippet:-1, max-image-preview:large, max-video-preview:-1\" \/>\n<link rel=\"canonical\" href=\"https:\/\/www.palumboegigante.it\/it\/prodotto\/longines-legend-diver\/\" \/>\n<meta property=\"og:locale\" content=\"it_IT\" \/>\n<meta property=\"og:type\" content=\"article\" \/>\n<meta property=\"og:title\" content=\"Longines Legend Diver LONGINES | Palumbo &amp; Gigante Palermo e Termini Imerese\" \/>\n<meta property=\"og:description\" content=\"Longines Legend Diver 39 mm LONGINES: acquista online o prenota un appuntamento in boutique.\" \/>\n<meta property=\"og:url\" content=\"https:\/\/www.palumboegigante.it\/it\/prodotto\/longines-legend-diver\/\" \/>\n<meta property=\"og:site_name\" content=\"Palumbo &amp; Gigante\" \/>\n<meta property=\"article:publisher\" content=\"https:\/\/www.facebook.com\/palumboegigante\/\" \/>\n<meta property=\"article:modified_time\" content=\"2026-04-06T01:10:45+00:00\" \/>\n<meta property=\"og:image\" content=\"https:\/\/www.palumboegigante.it\/wp-content\/uploads\/2024\/05\/og_default.png\" \/>\n\t<meta property=\"og:image:width\" content=\"1200\" \/>\n\t<meta property=\"og:image:height\" content=\"630\" \/>\n\t<meta property=\"og:image:type\" content=\"image\/png\" \/>\n<meta name=\"twitter:card\" content=\"summary_large_image\" \/>\n<meta name=\"twitter:label1\" content=\"Tempo di lettura stimato\" \/>\n\t<meta name=\"twitter:data1\" content=\"1 minuto\" \/>\n<script type=\"application\/ld+json\" class=\"yoast-schema-graph\">{\"@context\":\"https:\/\/schema.org\",\"@graph\":[{\"@type\":\"WebPage\",\"@id\":\"https:\/\/www.palumboegigante.it\/it\/prodotto\/longines-legend-diver\/\",\"url\":\"https:\/\/www.palumboegigante.it\/it\/prodotto\/longines-legend-diver\/\",\"name\":\"Longines Legend Diver LONGINES | Palumbo &amp; Gigante Palermo e Termini Imerese\",\"isPartOf\":{\"@id\":\"https:\/\/www.palumboegigante.it\/it\/#website\"},\"primaryImageOfPage\":{\"@id\":\"https:\/\/www.palumboegigante.it\/it\/prodotto\/longines-legend-diver\/#primaryimage\"},\"image\":{\"@id\":\"https:\/\/www.palumboegigante.it\/it\/prodotto\/longines-legend-diver\/#primaryimage\"},\"thumbnailUrl\":\"https:\/\/www.palumboegigante.it\/wp-content\/uploads\/2024\/07\/2024d500-2ebc-4542-802d-ced65c9f549e.png\",\"datePublished\":\"2024-07-18T15:00:33+00:00\",\"dateModified\":\"2026-04-06T01:10:45+00:00\",\"description\":\"Longines Legend Diver 39 mm LONGINES: acquista online o prenota un appuntamento in boutique.\",\"breadcrumb\":{\"@id\":\"https:\/\/www.palumboegigante.it\/it\/prodotto\/longines-legend-diver\/#breadcrumb\"},\"inLanguage\":\"it-IT\",\"potentialAction\":[{\"@type\":\"ReadAction\",\"target\":[\"https:\/\/www.palumboegigante.it\/it\/prodotto\/longines-legend-diver\/\"]}]},{\"@type\":\"ImageObject\",\"inLanguage\":\"it-IT\",\"@id\":\"https:\/\/www.palumboegigante.it\/it\/prodotto\/longines-legend-diver\/#primaryimage\",\"url\":\"https:\/\/www.palumboegigante.it\/wp-content\/uploads\/2024\/07\/2024d500-2ebc-4542-802d-ced65c9f549e.png\",\"contentUrl\":\"https:\/\/www.palumboegigante.it\/wp-content\/uploads\/2024\/07\/2024d500-2ebc-4542-802d-ced65c9f549e.png\",\"width\":1080,\"height\":1080,\"caption\":\"2024d500-2ebc-4542-802d-ced65c9f549e\"},{\"@type\":\"BreadcrumbList\",\"@id\":\"https:\/\/www.palumboegigante.it\/it\/prodotto\/longines-legend-diver\/#breadcrumb\",\"itemListElement\":[{\"@type\":\"ListItem\",\"position\":1,\"name\":\"Home\",\"item\":\"https:\/\/www.palumboegigante.it\/it\/\"},{\"@type\":\"ListItem\",\"position\":2,\"name\":\"Shop\",\"item\":\"https:\/\/www.palumboegigante.it\/it\/shop-wc\/\"},{\"@type\":\"ListItem\",\"position\":3,\"name\":\"Longines Legend Diver\"}]},{\"@type\":\"WebSite\",\"@id\":\"https:\/\/www.palumboegigante.it\/it\/#website\",\"url\":\"https:\/\/www.palumboegigante.it\/it\/\",\"name\":\"Palumbo &amp; Gigante\",\"description\":\"\",\"publisher\":{\"@id\":\"https:\/\/www.palumboegigante.it\/it\/#organization\"},\"potentialAction\":[{\"@type\":\"SearchAction\",\"target\":{\"@type\":\"EntryPoint\",\"urlTemplate\":\"https:\/\/www.palumboegigante.it\/it\/?s={search_term_string}\"},\"query-input\":{\"@type\":\"PropertyValueSpecification\",\"valueRequired\":true,\"valueName\":\"search_term_string\"}}],\"inLanguage\":\"it-IT\"},{\"@type\":\"Organization\",\"@id\":\"https:\/\/www.palumboegigante.it\/it\/#organization\",\"name\":\"Palumbo & Gigante\",\"url\":\"https:\/\/www.palumboegigante.it\/it\/\",\"logo\":{\"@type\":\"ImageObject\",\"inLanguage\":\"it-IT\",\"@id\":\"https:\/\/www.palumboegigante.it\/it\/#\/schema\/logo\/image\/\",\"url\":\"https:\/\/www.palumboegigante.it\/wp-content\/uploads\/2024\/03\/logo.png\",\"contentUrl\":\"https:\/\/www.palumboegigante.it\/wp-content\/uploads\/2024\/03\/logo.png\",\"width\":112,\"height\":112,\"caption\":\"Palumbo & Gigante\"},\"image\":{\"@id\":\"https:\/\/www.palumboegigante.it\/it\/#\/schema\/logo\/image\/\"},\"sameAs\":[\"https:\/\/www.facebook.com\/palumboegigante\/\",\"https:\/\/www.instagram.com\/palumboegigante\/\"]}]}<\/script>\n<!-- \/ Yoast SEO plugin. -->","yoast_head_json":{"title":"Longines Legend Diver LONGINES | Palumbo &amp; Gigante Palermo e Termini Imerese","description":"Longines Legend Diver 39 mm LONGINES: acquista online o prenota un appuntamento in boutique.","robots":{"index":"index","follow":"follow","max-snippet":"max-snippet:-1","max-image-preview":"max-image-preview:large","max-video-preview":"max-video-preview:-1"},"canonical":"https:\/\/www.palumboegigante.it\/it\/prodotto\/longines-legend-diver\/","og_locale":"it_IT","og_type":"article","og_title":"Longines Legend Diver LONGINES | Palumbo &amp; Gigante Palermo e Termini Imerese","og_description":"Longines Legend Diver 39 mm LONGINES: acquista online o prenota un appuntamento in boutique.","og_url":"https:\/\/www.palumboegigante.it\/it\/prodotto\/longines-legend-diver\/","og_site_name":"Palumbo &amp; Gigante","article_publisher":"https:\/\/www.facebook.com\/palumboegigante\/","article_modified_time":"2026-04-06T01:10:45+00:00","og_image":[{"width":1200,"height":630,"url":"https:\/\/www.palumboegigante.it\/wp-content\/uploads\/2024\/05\/og_default.png","type":"image\/png"}],"twitter_card":"summary_large_image","twitter_misc":{"Tempo di lettura stimato":"1 minuto"},"schema":{"@context":"https:\/\/schema.org","@graph":[{"@type":"WebPage","@id":"https:\/\/www.palumboegigante.it\/it\/prodotto\/longines-legend-diver\/","url":"https:\/\/www.palumboegigante.it\/it\/prodotto\/longines-legend-diver\/","name":"Longines Legend Diver LONGINES | Palumbo &amp; Gigante Palermo e Termini Imerese","isPartOf":{"@id":"https:\/\/www.palumboegigante.it\/it\/#website"},"primaryImageOfPage":{"@id":"https:\/\/www.palumboegigante.it\/it\/prodotto\/longines-legend-diver\/#primaryimage"},"image":{"@id":"https:\/\/www.palumboegigante.it\/it\/prodotto\/longines-legend-diver\/#primaryimage"},"thumbnailUrl":"https:\/\/www.palumboegigante.it\/wp-content\/uploads\/2024\/07\/2024d500-2ebc-4542-802d-ced65c9f549e.png","datePublished":"2024-07-18T15:00:33+00:00","dateModified":"2026-04-06T01:10:45+00:00","description":"Longines Legend Diver 39 mm LONGINES: acquista online o prenota un appuntamento in boutique.","breadcrumb":{"@id":"https:\/\/www.palumboegigante.it\/it\/prodotto\/longines-legend-diver\/#breadcrumb"},"inLanguage":"it-IT","potentialAction":[{"@type":"ReadAction","target":["https:\/\/www.palumboegigante.it\/it\/prodotto\/longines-legend-diver\/"]}]},{"@type":"ImageObject","inLanguage":"it-IT","@id":"https:\/\/www.palumboegigante.it\/it\/prodotto\/longines-legend-diver\/#primaryimage","url":"https:\/\/www.palumboegigante.it\/wp-content\/uploads\/2024\/07\/2024d500-2ebc-4542-802d-ced65c9f549e.png","contentUrl":"https:\/\/www.palumboegigante.it\/wp-content\/uploads\/2024\/07\/2024d500-2ebc-4542-802d-ced65c9f549e.png","width":1080,"height":1080,"caption":"2024d500-2ebc-4542-802d-ced65c9f549e"},{"@type":"BreadcrumbList","@id":"https:\/\/www.palumboegigante.it\/it\/prodotto\/longines-legend-diver\/#breadcrumb","itemListElement":[{"@type":"ListItem","position":1,"name":"Home","item":"https:\/\/www.palumboegigante.it\/it\/"},{"@type":"ListItem","position":2,"name":"Shop","item":"https:\/\/www.palumboegigante.it\/it\/shop-wc\/"},{"@type":"ListItem","position":3,"name":"Longines Legend Diver"}]},{"@type":"WebSite","@id":"https:\/\/www.palumboegigante.it\/it\/#website","url":"https:\/\/www.palumboegigante.it\/it\/","name":"Palumbo &amp; Gigante","description":"","publisher":{"@id":"https:\/\/www.palumboegigante.it\/it\/#organization"},"potentialAction":[{"@type":"SearchAction","target":{"@type":"EntryPoint","urlTemplate":"https:\/\/www.palumboegigante.it\/it\/?s={search_term_string}"},"query-input":{"@type":"PropertyValueSpecification","valueRequired":true,"valueName":"search_term_string"}}],"inLanguage":"it-IT"},{"@type":"Organization","@id":"https:\/\/www.palumboegigante.it\/it\/#organization","name":"Palumbo & Gigante","url":"https:\/\/www.palumboegigante.it\/it\/","logo":{"@type":"ImageObject","inLanguage":"it-IT","@id":"https:\/\/www.palumboegigante.it\/it\/#\/schema\/logo\/image\/","url":"https:\/\/www.palumboegigante.it\/wp-content\/uploads\/2024\/03\/logo.png","contentUrl":"https:\/\/www.palumboegigante.it\/wp-content\/uploads\/2024\/03\/logo.png","width":112,"height":112,"caption":"Palumbo & Gigante"},"image":{"@id":"https:\/\/www.palumboegigante.it\/it\/#\/schema\/logo\/image\/"},"sameAs":["https:\/\/www.facebook.com\/palumboegigante\/","https:\/\/www.instagram.com\/palumboegigante\/"]}]}},"_links":{"self":[{"href":"https:\/\/www.palumboegigante.it\/it\/wp-json\/wp\/v2\/product\/8579","targetHints":{"allow":["GET"]}}],"collection":[{"href":"https:\/\/www.palumboegigante.it\/it\/wp-json\/wp\/v2\/product"}],"about":[{"href":"https:\/\/www.palumboegigante.it\/it\/wp-json\/wp\/v2\/types\/product"}],"wp:featuredmedia":[{"embeddable":true,"href":"https:\/\/www.palumboegigante.it\/it\/wp-json\/wp\/v2\/media\/8578"}],"wp:attachment":[{"href":"https:\/\/www.palumboegigante.it\/it\/wp-json\/wp\/v2\/media?parent=8579"}],"wp:term":[{"taxonomy":"product_brand","embeddable":true,"href":"https:\/\/www.palumboegigante.it\/it\/wp-json\/wp\/v2\/product_brand?post=8579"},{"taxonomy":"product_cat","embeddable":true,"href":"https:\/\/www.palumboegigante.it\/it\/wp-json\/wp\/v2\/product_cat?post=8579"},{"taxonomy":"product_tag","embeddable":true,"href":"https:\/\/www.palumboegigante.it\/it\/wp-json\/wp\/v2\/product_tag?post=8579"}],"curies":[{"name":"wp","href":"https:\/\/api.w.org\/{rel}","templated":true}]}}