{"id":8439,"date":"2024-07-12T18:35:24","date_gmt":"2024-07-12T16:35:24","guid":{"rendered":"https:\/\/www.palumboegigante.it\/prodotto\/speedmaster-dark-side-of-the-moon\/"},"modified":"2026-04-08T03:05:33","modified_gmt":"2026-04-08T01:05:33","slug":"speedmaster-dark-side-of-the-moon","status":"publish","type":"product","link":"https:\/\/www.palumboegigante.it\/it\/prodotto\/speedmaster-dark-side-of-the-moon\/","title":{"rendered":"SPEEDMASTER DARK SIDE OF THE MOON"},"content":{"rendered":"<p>Avendo partecipato a tutti i sei allunaggi della storia, il leggendario OMEGA Speedmaster \u00e8 una vera icona dello spazio, nonch\u00e9 la perfetta espressione dello spirito pionieristico di OMEGA.  In questo modello da 44,25 mm viene celebrata la storia dello Speedmaster a bordo della missione Apollo 8, attraverso il movimento brunito realizzato tramite ablazione al laser sulla platina principale e i ponti che rievoca la superficie lunare. Il quadrante scheletrato in alluminio anodizzato nero lascia intravedere il lato visibile del satellite, mentre quello oscuro pu\u00f2 essere ammirato attraverso il fondello.  Corredato da un cinturino in caucci\u00f9 nero traforato con interno in caucci\u00f9 giallo, l\u2019orologio \u00e8 interamente realizzato in ceramica nera. Completano il design le lancette dei secondi cronografici verniciate in giallo e la scala tachimetrica incisa al laser sulla lunetta in smalto bianco. Il contatore dei piccoli secondi (in attesa di brevetto) include anche una lancetta in titanio grado 5 a forma del razzo Saturn V. Questa forma in 3D \u00e8 ottenuta tramite laser, mentre i colori sono ricavati da smalto bianco, ablazione e brunitura al laser.  Il calibro OMEGA Co-Axial Master Chronometer 3869 vanta una speciale decorazione, mentre il fondello \u00e8 inciso con le iscrizioni \u201cAPOLLO 8, DEC 1968\u201d, \u201cDARK SIDE OF THE MOON\u201d, \u201cWE\u2019LL SEE YOU ON THE OTHER SIDE\u201d e \u201cCO-AXIAL MASTER CHRONOMETER\u201d.<\/p>\n","protected":false},"excerpt":{"rendered":"<p>44,25 mm, ceramica nera su cinturino in caucci\u00f9<\/p>\n","protected":false},"featured_media":8438,"template":"","meta":{"_acf_changed":false,"inline_featured_image":false},"product_brand":[],"product_cat":[64],"product_tag":[],"class_list":{"0":"post-8439","1":"product","2":"type-product","3":"status-publish","4":"has-post-thumbnail","6":"product_cat-manuali","7":"pa_brand-omega","9":"first","10":"instock","11":"shipping-taxable","12":"purchasable","13":"product-type-simple","14":"add-to-wishlist-before_image"},"acf":[],"yoast_head":"<!-- This site is optimized with the Yoast SEO plugin v25.9 - https:\/\/yoast.com\/wordpress\/plugins\/seo\/ -->\n<title>SPEEDMASTER DARK SIDE OF THE MOON OMEGA | Palumbo &amp; Gigante Palermo e Termini Imerese<\/title>\n<meta name=\"description\" content=\"SPEEDMASTER DARK SIDE OF THE MOON 44,25 mm, ceramica nera su cinturino in caucci\u00f9 OMEGA: acquista online o prenota un appuntamento in boutique.\" \/>\n<meta name=\"robots\" content=\"index, follow, max-snippet:-1, max-image-preview:large, max-video-preview:-1\" \/>\n<link rel=\"canonical\" href=\"https:\/\/www.palumboegigante.it\/it\/prodotto\/speedmaster-dark-side-of-the-moon\/\" \/>\n<meta property=\"og:locale\" content=\"it_IT\" \/>\n<meta property=\"og:type\" content=\"article\" \/>\n<meta property=\"og:title\" content=\"SPEEDMASTER DARK SIDE OF THE MOON OMEGA | Palumbo &amp; Gigante Palermo e Termini Imerese\" \/>\n<meta property=\"og:description\" content=\"SPEEDMASTER DARK SIDE OF THE MOON 44,25 mm, ceramica nera su cinturino in caucci\u00f9 OMEGA: acquista online o prenota un appuntamento in boutique.\" \/>\n<meta property=\"og:url\" content=\"https:\/\/www.palumboegigante.it\/it\/prodotto\/speedmaster-dark-side-of-the-moon\/\" \/>\n<meta property=\"og:site_name\" content=\"Palumbo &amp; Gigante\" \/>\n<meta property=\"article:publisher\" content=\"https:\/\/www.facebook.com\/palumboegigante\/\" \/>\n<meta property=\"article:modified_time\" content=\"2026-04-08T01:05:33+00:00\" \/>\n<meta property=\"og:image\" content=\"https:\/\/www.palumboegigante.it\/wp-content\/uploads\/2024\/05\/og_default.png\" \/>\n\t<meta property=\"og:image:width\" content=\"1200\" \/>\n\t<meta property=\"og:image:height\" content=\"630\" \/>\n\t<meta property=\"og:image:type\" content=\"image\/png\" \/>\n<meta name=\"twitter:card\" content=\"summary_large_image\" \/>\n<meta name=\"twitter:label1\" content=\"Tempo di lettura stimato\" \/>\n\t<meta name=\"twitter:data1\" content=\"1 minuto\" \/>\n<script type=\"application\/ld+json\" class=\"yoast-schema-graph\">{\"@context\":\"https:\/\/schema.org\",\"@graph\":[{\"@type\":\"WebPage\",\"@id\":\"https:\/\/www.palumboegigante.it\/it\/prodotto\/speedmaster-dark-side-of-the-moon\/\",\"url\":\"https:\/\/www.palumboegigante.it\/it\/prodotto\/speedmaster-dark-side-of-the-moon\/\",\"name\":\"SPEEDMASTER DARK SIDE OF THE MOON OMEGA | Palumbo &amp; Gigante Palermo e Termini Imerese\",\"isPartOf\":{\"@id\":\"https:\/\/www.palumboegigante.it\/it\/#website\"},\"primaryImageOfPage\":{\"@id\":\"https:\/\/www.palumboegigante.it\/it\/prodotto\/speedmaster-dark-side-of-the-moon\/#primaryimage\"},\"image\":{\"@id\":\"https:\/\/www.palumboegigante.it\/it\/prodotto\/speedmaster-dark-side-of-the-moon\/#primaryimage\"},\"thumbnailUrl\":\"https:\/\/www.palumboegigante.it\/wp-content\/uploads\/2024\/07\/d8633c29-e8c0-4976-8aca-39696beec80d.png\",\"datePublished\":\"2024-07-12T16:35:24+00:00\",\"dateModified\":\"2026-04-08T01:05:33+00:00\",\"description\":\"SPEEDMASTER DARK SIDE OF THE MOON 44,25 mm, ceramica nera su cinturino in caucci\u00f9 OMEGA: acquista online o prenota un appuntamento in boutique.\",\"breadcrumb\":{\"@id\":\"https:\/\/www.palumboegigante.it\/it\/prodotto\/speedmaster-dark-side-of-the-moon\/#breadcrumb\"},\"inLanguage\":\"it-IT\",\"potentialAction\":[{\"@type\":\"ReadAction\",\"target\":[\"https:\/\/www.palumboegigante.it\/it\/prodotto\/speedmaster-dark-side-of-the-moon\/\"]}]},{\"@type\":\"ImageObject\",\"inLanguage\":\"it-IT\",\"@id\":\"https:\/\/www.palumboegigante.it\/it\/prodotto\/speedmaster-dark-side-of-the-moon\/#primaryimage\",\"url\":\"https:\/\/www.palumboegigante.it\/wp-content\/uploads\/2024\/07\/d8633c29-e8c0-4976-8aca-39696beec80d.png\",\"contentUrl\":\"https:\/\/www.palumboegigante.it\/wp-content\/uploads\/2024\/07\/d8633c29-e8c0-4976-8aca-39696beec80d.png\",\"width\":1080,\"height\":1080,\"caption\":\"SPEEDMASTER DARK SIDE OF THE MOON\"},{\"@type\":\"BreadcrumbList\",\"@id\":\"https:\/\/www.palumboegigante.it\/it\/prodotto\/speedmaster-dark-side-of-the-moon\/#breadcrumb\",\"itemListElement\":[{\"@type\":\"ListItem\",\"position\":1,\"name\":\"Home\",\"item\":\"https:\/\/www.palumboegigante.it\/it\/\"},{\"@type\":\"ListItem\",\"position\":2,\"name\":\"Shop\",\"item\":\"https:\/\/www.palumboegigante.it\/it\/shop-wc\/\"},{\"@type\":\"ListItem\",\"position\":3,\"name\":\"SPEEDMASTER DARK SIDE OF THE MOON\"}]},{\"@type\":\"WebSite\",\"@id\":\"https:\/\/www.palumboegigante.it\/it\/#website\",\"url\":\"https:\/\/www.palumboegigante.it\/it\/\",\"name\":\"Palumbo &amp; Gigante\",\"description\":\"\",\"publisher\":{\"@id\":\"https:\/\/www.palumboegigante.it\/it\/#organization\"},\"potentialAction\":[{\"@type\":\"SearchAction\",\"target\":{\"@type\":\"EntryPoint\",\"urlTemplate\":\"https:\/\/www.palumboegigante.it\/it\/?s={search_term_string}\"},\"query-input\":{\"@type\":\"PropertyValueSpecification\",\"valueRequired\":true,\"valueName\":\"search_term_string\"}}],\"inLanguage\":\"it-IT\"},{\"@type\":\"Organization\",\"@id\":\"https:\/\/www.palumboegigante.it\/it\/#organization\",\"name\":\"Palumbo & Gigante\",\"url\":\"https:\/\/www.palumboegigante.it\/it\/\",\"logo\":{\"@type\":\"ImageObject\",\"inLanguage\":\"it-IT\",\"@id\":\"https:\/\/www.palumboegigante.it\/it\/#\/schema\/logo\/image\/\",\"url\":\"https:\/\/www.palumboegigante.it\/wp-content\/uploads\/2024\/03\/logo.png\",\"contentUrl\":\"https:\/\/www.palumboegigante.it\/wp-content\/uploads\/2024\/03\/logo.png\",\"width\":112,\"height\":112,\"caption\":\"Palumbo & Gigante\"},\"image\":{\"@id\":\"https:\/\/www.palumboegigante.it\/it\/#\/schema\/logo\/image\/\"},\"sameAs\":[\"https:\/\/www.facebook.com\/palumboegigante\/\",\"https:\/\/www.instagram.com\/palumboegigante\/\"]}]}<\/script>\n<!-- \/ Yoast SEO plugin. -->","yoast_head_json":{"title":"SPEEDMASTER DARK SIDE OF THE MOON OMEGA | Palumbo &amp; Gigante Palermo e Termini Imerese","description":"SPEEDMASTER DARK SIDE OF THE MOON 44,25 mm, ceramica nera su cinturino in caucci\u00f9 OMEGA: acquista online o prenota un appuntamento in boutique.","robots":{"index":"index","follow":"follow","max-snippet":"max-snippet:-1","max-image-preview":"max-image-preview:large","max-video-preview":"max-video-preview:-1"},"canonical":"https:\/\/www.palumboegigante.it\/it\/prodotto\/speedmaster-dark-side-of-the-moon\/","og_locale":"it_IT","og_type":"article","og_title":"SPEEDMASTER DARK SIDE OF THE MOON OMEGA | Palumbo &amp; Gigante Palermo e Termini Imerese","og_description":"SPEEDMASTER DARK SIDE OF THE MOON 44,25 mm, ceramica nera su cinturino in caucci\u00f9 OMEGA: acquista online o prenota un appuntamento in boutique.","og_url":"https:\/\/www.palumboegigante.it\/it\/prodotto\/speedmaster-dark-side-of-the-moon\/","og_site_name":"Palumbo &amp; Gigante","article_publisher":"https:\/\/www.facebook.com\/palumboegigante\/","article_modified_time":"2026-04-08T01:05:33+00:00","og_image":[{"width":1200,"height":630,"url":"https:\/\/www.palumboegigante.it\/wp-content\/uploads\/2024\/05\/og_default.png","type":"image\/png"}],"twitter_card":"summary_large_image","twitter_misc":{"Tempo di lettura stimato":"1 minuto"},"schema":{"@context":"https:\/\/schema.org","@graph":[{"@type":"WebPage","@id":"https:\/\/www.palumboegigante.it\/it\/prodotto\/speedmaster-dark-side-of-the-moon\/","url":"https:\/\/www.palumboegigante.it\/it\/prodotto\/speedmaster-dark-side-of-the-moon\/","name":"SPEEDMASTER DARK SIDE OF THE MOON OMEGA | Palumbo &amp; Gigante Palermo e Termini Imerese","isPartOf":{"@id":"https:\/\/www.palumboegigante.it\/it\/#website"},"primaryImageOfPage":{"@id":"https:\/\/www.palumboegigante.it\/it\/prodotto\/speedmaster-dark-side-of-the-moon\/#primaryimage"},"image":{"@id":"https:\/\/www.palumboegigante.it\/it\/prodotto\/speedmaster-dark-side-of-the-moon\/#primaryimage"},"thumbnailUrl":"https:\/\/www.palumboegigante.it\/wp-content\/uploads\/2024\/07\/d8633c29-e8c0-4976-8aca-39696beec80d.png","datePublished":"2024-07-12T16:35:24+00:00","dateModified":"2026-04-08T01:05:33+00:00","description":"SPEEDMASTER DARK SIDE OF THE MOON 44,25 mm, ceramica nera su cinturino in caucci\u00f9 OMEGA: acquista online o prenota un appuntamento in boutique.","breadcrumb":{"@id":"https:\/\/www.palumboegigante.it\/it\/prodotto\/speedmaster-dark-side-of-the-moon\/#breadcrumb"},"inLanguage":"it-IT","potentialAction":[{"@type":"ReadAction","target":["https:\/\/www.palumboegigante.it\/it\/prodotto\/speedmaster-dark-side-of-the-moon\/"]}]},{"@type":"ImageObject","inLanguage":"it-IT","@id":"https:\/\/www.palumboegigante.it\/it\/prodotto\/speedmaster-dark-side-of-the-moon\/#primaryimage","url":"https:\/\/www.palumboegigante.it\/wp-content\/uploads\/2024\/07\/d8633c29-e8c0-4976-8aca-39696beec80d.png","contentUrl":"https:\/\/www.palumboegigante.it\/wp-content\/uploads\/2024\/07\/d8633c29-e8c0-4976-8aca-39696beec80d.png","width":1080,"height":1080,"caption":"SPEEDMASTER DARK SIDE OF THE MOON"},{"@type":"BreadcrumbList","@id":"https:\/\/www.palumboegigante.it\/it\/prodotto\/speedmaster-dark-side-of-the-moon\/#breadcrumb","itemListElement":[{"@type":"ListItem","position":1,"name":"Home","item":"https:\/\/www.palumboegigante.it\/it\/"},{"@type":"ListItem","position":2,"name":"Shop","item":"https:\/\/www.palumboegigante.it\/it\/shop-wc\/"},{"@type":"ListItem","position":3,"name":"SPEEDMASTER DARK SIDE OF THE MOON"}]},{"@type":"WebSite","@id":"https:\/\/www.palumboegigante.it\/it\/#website","url":"https:\/\/www.palumboegigante.it\/it\/","name":"Palumbo &amp; Gigante","description":"","publisher":{"@id":"https:\/\/www.palumboegigante.it\/it\/#organization"},"potentialAction":[{"@type":"SearchAction","target":{"@type":"EntryPoint","urlTemplate":"https:\/\/www.palumboegigante.it\/it\/?s={search_term_string}"},"query-input":{"@type":"PropertyValueSpecification","valueRequired":true,"valueName":"search_term_string"}}],"inLanguage":"it-IT"},{"@type":"Organization","@id":"https:\/\/www.palumboegigante.it\/it\/#organization","name":"Palumbo & Gigante","url":"https:\/\/www.palumboegigante.it\/it\/","logo":{"@type":"ImageObject","inLanguage":"it-IT","@id":"https:\/\/www.palumboegigante.it\/it\/#\/schema\/logo\/image\/","url":"https:\/\/www.palumboegigante.it\/wp-content\/uploads\/2024\/03\/logo.png","contentUrl":"https:\/\/www.palumboegigante.it\/wp-content\/uploads\/2024\/03\/logo.png","width":112,"height":112,"caption":"Palumbo & Gigante"},"image":{"@id":"https:\/\/www.palumboegigante.it\/it\/#\/schema\/logo\/image\/"},"sameAs":["https:\/\/www.facebook.com\/palumboegigante\/","https:\/\/www.instagram.com\/palumboegigante\/"]}]}},"_links":{"self":[{"href":"https:\/\/www.palumboegigante.it\/it\/wp-json\/wp\/v2\/product\/8439","targetHints":{"allow":["GET"]}}],"collection":[{"href":"https:\/\/www.palumboegigante.it\/it\/wp-json\/wp\/v2\/product"}],"about":[{"href":"https:\/\/www.palumboegigante.it\/it\/wp-json\/wp\/v2\/types\/product"}],"wp:featuredmedia":[{"embeddable":true,"href":"https:\/\/www.palumboegigante.it\/it\/wp-json\/wp\/v2\/media\/8438"}],"wp:attachment":[{"href":"https:\/\/www.palumboegigante.it\/it\/wp-json\/wp\/v2\/media?parent=8439"}],"wp:term":[{"taxonomy":"product_brand","embeddable":true,"href":"https:\/\/www.palumboegigante.it\/it\/wp-json\/wp\/v2\/product_brand?post=8439"},{"taxonomy":"product_cat","embeddable":true,"href":"https:\/\/www.palumboegigante.it\/it\/wp-json\/wp\/v2\/product_cat?post=8439"},{"taxonomy":"product_tag","embeddable":true,"href":"https:\/\/www.palumboegigante.it\/it\/wp-json\/wp\/v2\/product_tag?post=8439"}],"curies":[{"name":"wp","href":"https:\/\/api.w.org\/{rel}","templated":true}]}}