{"id":7524,"date":"2024-05-24T12:22:17","date_gmt":"2024-05-24T10:22:17","guid":{"rendered":"https:\/\/www.palumboegigante.it\/prodotto\/svuotatasche-grande\/"},"modified":"2025-05-21T10:30:06","modified_gmt":"2025-05-21T08:30:06","slug":"svuotatasche-grande","status":"publish","type":"product","link":"https:\/\/www.palumboegigante.it\/it\/prodotto\/svuotatasche-grande\/","title":{"rendered":"Svuotatasche grande"},"content":{"rendered":"<p>Svuotatasche quadrato in porcellana con decoro blu e platino. Collezione Catene di Gio Ponti. Lo stile minimale del design si fonde con le linee del motivo geometrico blu zaffiro, impreziosito dalla prestigiosa filettatura in platino dipinta a mano. Il decoro, ideato dal noto architetto Gio Ponti, direttore artistico della Maison fiorentina dal 1923 al 1933, \u00e8 il risultato di un sofisticato processo di lavorazione artigianale che esalta l\u2019ornamento brillante sulla fine porcellana. Catene \u00e8 disponibile in assortimento completo da tavola, t\u00e8 e caff\u00e8 e si abbina anche a contrasto con le geometrie della collezione Labirinto, creando un gioco di linee e forme che fluiscono in ogni ambiente.<\/p>\n","protected":false},"excerpt":{"rendered":"<p>Collezione Catene Gio Ponti<\/p>\n","protected":false},"featured_media":6895,"template":"","meta":{"_acf_changed":false,"inline_featured_image":false},"product_brand":[],"product_cat":[76],"product_tag":[],"class_list":{"0":"post-7524","1":"product","2":"type-product","3":"status-publish","4":"has-post-thumbnail","6":"product_cat-svuotatasche","7":"pa_brand-richard-ginori","9":"first","10":"outofstock","11":"shipping-taxable","12":"purchasable","13":"product-type-simple","14":"add-to-wishlist-before_image"},"acf":[],"yoast_head":"<!-- This site is optimized with the Yoast SEO plugin v27.3 - https:\/\/yoast.com\/product\/yoast-seo-wordpress\/ -->\n<title>Svuotatasche grande RICHARD GINORI | Palumbo &amp; Gigante Palermo e Termini Imerese<\/title>\n<meta name=\"description\" content=\"Svuotatasche grande Collezione Catene Gio Ponti RICHARD GINORI: acquista online o prenota un appuntamento in boutique.\" \/>\n<meta name=\"robots\" content=\"index, follow, max-snippet:-1, max-image-preview:large, max-video-preview:-1\" \/>\n<link rel=\"canonical\" href=\"https:\/\/www.palumboegigante.it\/it\/prodotto\/svuotatasche-grande\/\" \/>\n<meta property=\"og:locale\" content=\"it_IT\" \/>\n<meta property=\"og:type\" content=\"article\" \/>\n<meta property=\"og:title\" content=\"Svuotatasche grande RICHARD GINORI | Palumbo &amp; Gigante Palermo e Termini Imerese\" \/>\n<meta property=\"og:description\" content=\"Svuotatasche grande Collezione Catene Gio Ponti RICHARD GINORI: acquista online o prenota un appuntamento in boutique.\" \/>\n<meta property=\"og:url\" content=\"https:\/\/www.palumboegigante.it\/it\/prodotto\/svuotatasche-grande\/\" \/>\n<meta property=\"og:site_name\" content=\"Palumbo &amp; Gigante\" \/>\n<meta property=\"article:publisher\" content=\"https:\/\/www.facebook.com\/palumboegigante\/\" \/>\n<meta property=\"article:modified_time\" content=\"2025-05-21T08:30:06+00:00\" \/>\n<meta property=\"og:image\" content=\"https:\/\/www.palumboegigante.it\/wp-content\/uploads\/2024\/05\/og_default.png\" \/>\n\t<meta property=\"og:image:width\" content=\"1200\" \/>\n\t<meta property=\"og:image:height\" content=\"630\" \/>\n\t<meta property=\"og:image:type\" content=\"image\/png\" \/>\n<meta name=\"twitter:card\" content=\"summary_large_image\" \/>\n<meta name=\"twitter:label1\" content=\"Tempo di lettura stimato\" \/>\n\t<meta name=\"twitter:data1\" content=\"1 minuto\" \/>\n<script type=\"application\/ld+json\" class=\"yoast-schema-graph\">{\"@context\":\"https:\\\/\\\/schema.org\",\"@graph\":[{\"@type\":\"WebPage\",\"@id\":\"https:\\\/\\\/www.palumboegigante.it\\\/it\\\/prodotto\\\/svuotatasche-grande\\\/\",\"url\":\"https:\\\/\\\/www.palumboegigante.it\\\/it\\\/prodotto\\\/svuotatasche-grande\\\/\",\"name\":\"Svuotatasche grande RICHARD GINORI | Palumbo &amp; Gigante Palermo e Termini Imerese\",\"isPartOf\":{\"@id\":\"https:\\\/\\\/www.palumboegigante.it\\\/it\\\/#website\"},\"primaryImageOfPage\":{\"@id\":\"https:\\\/\\\/www.palumboegigante.it\\\/it\\\/prodotto\\\/svuotatasche-grande\\\/#primaryimage\"},\"image\":{\"@id\":\"https:\\\/\\\/www.palumboegigante.it\\\/it\\\/prodotto\\\/svuotatasche-grande\\\/#primaryimage\"},\"thumbnailUrl\":\"https:\\\/\\\/www.palumboegigante.it\\\/wp-content\\\/uploads\\\/2024\\\/05\\\/ff28420c-7ea8-4340-8ea6-9173f7bfc45e.png\",\"datePublished\":\"2024-05-24T10:22:17+00:00\",\"dateModified\":\"2025-05-21T08:30:06+00:00\",\"description\":\"Svuotatasche grande Collezione Catene Gio Ponti RICHARD GINORI: acquista online o prenota un appuntamento in boutique.\",\"breadcrumb\":{\"@id\":\"https:\\\/\\\/www.palumboegigante.it\\\/it\\\/prodotto\\\/svuotatasche-grande\\\/#breadcrumb\"},\"inLanguage\":\"it-IT\",\"potentialAction\":[{\"@type\":\"ReadAction\",\"target\":[\"https:\\\/\\\/www.palumboegigante.it\\\/it\\\/prodotto\\\/svuotatasche-grande\\\/\"]}]},{\"@type\":\"ImageObject\",\"inLanguage\":\"it-IT\",\"@id\":\"https:\\\/\\\/www.palumboegigante.it\\\/it\\\/prodotto\\\/svuotatasche-grande\\\/#primaryimage\",\"url\":\"https:\\\/\\\/www.palumboegigante.it\\\/wp-content\\\/uploads\\\/2024\\\/05\\\/ff28420c-7ea8-4340-8ea6-9173f7bfc45e.png\",\"contentUrl\":\"https:\\\/\\\/www.palumboegigante.it\\\/wp-content\\\/uploads\\\/2024\\\/05\\\/ff28420c-7ea8-4340-8ea6-9173f7bfc45e.png\",\"width\":1440,\"height\":1043,\"caption\":\"Svuotatasche grande\"},{\"@type\":\"BreadcrumbList\",\"@id\":\"https:\\\/\\\/www.palumboegigante.it\\\/it\\\/prodotto\\\/svuotatasche-grande\\\/#breadcrumb\",\"itemListElement\":[{\"@type\":\"ListItem\",\"position\":1,\"name\":\"Home\",\"item\":\"https:\\\/\\\/www.palumboegigante.it\\\/it\\\/\"},{\"@type\":\"ListItem\",\"position\":2,\"name\":\"Shop\",\"item\":\"https:\\\/\\\/www.palumboegigante.it\\\/it\\\/shop-wc\\\/\"},{\"@type\":\"ListItem\",\"position\":3,\"name\":\"Svuotatasche grande\"}]},{\"@type\":\"WebSite\",\"@id\":\"https:\\\/\\\/www.palumboegigante.it\\\/it\\\/#website\",\"url\":\"https:\\\/\\\/www.palumboegigante.it\\\/it\\\/\",\"name\":\"Palumbo &amp; Gigante\",\"description\":\"\",\"publisher\":{\"@id\":\"https:\\\/\\\/www.palumboegigante.it\\\/it\\\/#organization\"},\"potentialAction\":[{\"@type\":\"SearchAction\",\"target\":{\"@type\":\"EntryPoint\",\"urlTemplate\":\"https:\\\/\\\/www.palumboegigante.it\\\/it\\\/?s={search_term_string}\"},\"query-input\":{\"@type\":\"PropertyValueSpecification\",\"valueRequired\":true,\"valueName\":\"search_term_string\"}}],\"inLanguage\":\"it-IT\"},{\"@type\":\"Organization\",\"@id\":\"https:\\\/\\\/www.palumboegigante.it\\\/it\\\/#organization\",\"name\":\"Palumbo & Gigante\",\"url\":\"https:\\\/\\\/www.palumboegigante.it\\\/it\\\/\",\"logo\":{\"@type\":\"ImageObject\",\"inLanguage\":\"it-IT\",\"@id\":\"https:\\\/\\\/www.palumboegigante.it\\\/it\\\/#\\\/schema\\\/logo\\\/image\\\/\",\"url\":\"https:\\\/\\\/www.palumboegigante.it\\\/wp-content\\\/uploads\\\/2024\\\/03\\\/logo.png\",\"contentUrl\":\"https:\\\/\\\/www.palumboegigante.it\\\/wp-content\\\/uploads\\\/2024\\\/03\\\/logo.png\",\"width\":112,\"height\":112,\"caption\":\"Palumbo & Gigante\"},\"image\":{\"@id\":\"https:\\\/\\\/www.palumboegigante.it\\\/it\\\/#\\\/schema\\\/logo\\\/image\\\/\"},\"sameAs\":[\"https:\\\/\\\/www.facebook.com\\\/palumboegigante\\\/\",\"https:\\\/\\\/www.instagram.com\\\/palumboegigante\\\/\"]}]}<\/script>\n<!-- \/ Yoast SEO plugin. -->","yoast_head_json":{"title":"Svuotatasche grande RICHARD GINORI | Palumbo &amp; Gigante Palermo e Termini Imerese","description":"Svuotatasche grande Collezione Catene Gio Ponti RICHARD GINORI: acquista online o prenota un appuntamento in boutique.","robots":{"index":"index","follow":"follow","max-snippet":"max-snippet:-1","max-image-preview":"max-image-preview:large","max-video-preview":"max-video-preview:-1"},"canonical":"https:\/\/www.palumboegigante.it\/it\/prodotto\/svuotatasche-grande\/","og_locale":"it_IT","og_type":"article","og_title":"Svuotatasche grande RICHARD GINORI | Palumbo &amp; Gigante Palermo e Termini Imerese","og_description":"Svuotatasche grande Collezione Catene Gio Ponti RICHARD GINORI: acquista online o prenota un appuntamento in boutique.","og_url":"https:\/\/www.palumboegigante.it\/it\/prodotto\/svuotatasche-grande\/","og_site_name":"Palumbo &amp; Gigante","article_publisher":"https:\/\/www.facebook.com\/palumboegigante\/","article_modified_time":"2025-05-21T08:30:06+00:00","og_image":[{"width":1200,"height":630,"url":"https:\/\/www.palumboegigante.it\/wp-content\/uploads\/2024\/05\/og_default.png","type":"image\/png"}],"twitter_card":"summary_large_image","twitter_misc":{"Tempo di lettura stimato":"1 minuto"},"schema":{"@context":"https:\/\/schema.org","@graph":[{"@type":"WebPage","@id":"https:\/\/www.palumboegigante.it\/it\/prodotto\/svuotatasche-grande\/","url":"https:\/\/www.palumboegigante.it\/it\/prodotto\/svuotatasche-grande\/","name":"Svuotatasche grande RICHARD GINORI | Palumbo &amp; Gigante Palermo e Termini Imerese","isPartOf":{"@id":"https:\/\/www.palumboegigante.it\/it\/#website"},"primaryImageOfPage":{"@id":"https:\/\/www.palumboegigante.it\/it\/prodotto\/svuotatasche-grande\/#primaryimage"},"image":{"@id":"https:\/\/www.palumboegigante.it\/it\/prodotto\/svuotatasche-grande\/#primaryimage"},"thumbnailUrl":"https:\/\/www.palumboegigante.it\/wp-content\/uploads\/2024\/05\/ff28420c-7ea8-4340-8ea6-9173f7bfc45e.png","datePublished":"2024-05-24T10:22:17+00:00","dateModified":"2025-05-21T08:30:06+00:00","description":"Svuotatasche grande Collezione Catene Gio Ponti RICHARD GINORI: acquista online o prenota un appuntamento in boutique.","breadcrumb":{"@id":"https:\/\/www.palumboegigante.it\/it\/prodotto\/svuotatasche-grande\/#breadcrumb"},"inLanguage":"it-IT","potentialAction":[{"@type":"ReadAction","target":["https:\/\/www.palumboegigante.it\/it\/prodotto\/svuotatasche-grande\/"]}]},{"@type":"ImageObject","inLanguage":"it-IT","@id":"https:\/\/www.palumboegigante.it\/it\/prodotto\/svuotatasche-grande\/#primaryimage","url":"https:\/\/www.palumboegigante.it\/wp-content\/uploads\/2024\/05\/ff28420c-7ea8-4340-8ea6-9173f7bfc45e.png","contentUrl":"https:\/\/www.palumboegigante.it\/wp-content\/uploads\/2024\/05\/ff28420c-7ea8-4340-8ea6-9173f7bfc45e.png","width":1440,"height":1043,"caption":"Svuotatasche grande"},{"@type":"BreadcrumbList","@id":"https:\/\/www.palumboegigante.it\/it\/prodotto\/svuotatasche-grande\/#breadcrumb","itemListElement":[{"@type":"ListItem","position":1,"name":"Home","item":"https:\/\/www.palumboegigante.it\/it\/"},{"@type":"ListItem","position":2,"name":"Shop","item":"https:\/\/www.palumboegigante.it\/it\/shop-wc\/"},{"@type":"ListItem","position":3,"name":"Svuotatasche grande"}]},{"@type":"WebSite","@id":"https:\/\/www.palumboegigante.it\/it\/#website","url":"https:\/\/www.palumboegigante.it\/it\/","name":"Palumbo &amp; Gigante","description":"","publisher":{"@id":"https:\/\/www.palumboegigante.it\/it\/#organization"},"potentialAction":[{"@type":"SearchAction","target":{"@type":"EntryPoint","urlTemplate":"https:\/\/www.palumboegigante.it\/it\/?s={search_term_string}"},"query-input":{"@type":"PropertyValueSpecification","valueRequired":true,"valueName":"search_term_string"}}],"inLanguage":"it-IT"},{"@type":"Organization","@id":"https:\/\/www.palumboegigante.it\/it\/#organization","name":"Palumbo & Gigante","url":"https:\/\/www.palumboegigante.it\/it\/","logo":{"@type":"ImageObject","inLanguage":"it-IT","@id":"https:\/\/www.palumboegigante.it\/it\/#\/schema\/logo\/image\/","url":"https:\/\/www.palumboegigante.it\/wp-content\/uploads\/2024\/03\/logo.png","contentUrl":"https:\/\/www.palumboegigante.it\/wp-content\/uploads\/2024\/03\/logo.png","width":112,"height":112,"caption":"Palumbo & Gigante"},"image":{"@id":"https:\/\/www.palumboegigante.it\/it\/#\/schema\/logo\/image\/"},"sameAs":["https:\/\/www.facebook.com\/palumboegigante\/","https:\/\/www.instagram.com\/palumboegigante\/"]}]}},"_links":{"self":[{"href":"https:\/\/www.palumboegigante.it\/it\/wp-json\/wp\/v2\/product\/7524","targetHints":{"allow":["GET"]}}],"collection":[{"href":"https:\/\/www.palumboegigante.it\/it\/wp-json\/wp\/v2\/product"}],"about":[{"href":"https:\/\/www.palumboegigante.it\/it\/wp-json\/wp\/v2\/types\/product"}],"wp:featuredmedia":[{"embeddable":true,"href":"https:\/\/www.palumboegigante.it\/it\/wp-json\/wp\/v2\/media\/6895"}],"wp:attachment":[{"href":"https:\/\/www.palumboegigante.it\/it\/wp-json\/wp\/v2\/media?parent=7524"}],"wp:term":[{"taxonomy":"product_brand","embeddable":true,"href":"https:\/\/www.palumboegigante.it\/it\/wp-json\/wp\/v2\/product_brand?post=7524"},{"taxonomy":"product_cat","embeddable":true,"href":"https:\/\/www.palumboegigante.it\/it\/wp-json\/wp\/v2\/product_cat?post=7524"},{"taxonomy":"product_tag","embeddable":true,"href":"https:\/\/www.palumboegigante.it\/it\/wp-json\/wp\/v2\/product_tag?post=7524"}],"curies":[{"name":"wp","href":"https:\/\/api.w.org\/{rel}","templated":true}]}}