{"id":7368,"date":"2024-05-24T11:20:03","date_gmt":"2024-05-24T09:20:03","guid":{"rendered":"https:\/\/www.palumboegigante.it\/prodotto\/calatrava-2\/"},"modified":"2026-02-09T18:47:26","modified_gmt":"2026-02-09T17:47:26","slug":"calatrava-2","status":"publish","type":"product","link":"https:\/\/www.palumboegigante.it\/it\/prodotto\/calatrava-2\/","title":{"rendered":"CALATRAVA"},"content":{"rendered":"<p>Patek Philippe amplia la sua collezione di orologi eleganti da donna con una nuova versione del Calatrava automatico 4997, in oro rosa ammantata di viola. Un colore originale e raffinato che si accorda perfettamente con i toni caldi del metallo prezioso e con la lunetta incastonata di diamanti.  La placca del quadrante, incisa con un motivo a onde concentriche, \u00e8 rivestita di oltre cinquanta strati sovrapposti di lacca traslucida che crea un affascinante effetto di profondit\u00e0. Il colore del quadrante \u00e8 ripreso dal cinturino in vitello viola con finitura satinata, dotato di fermaglio ad ardiglione in oro rosa.  La cassa accoglie un calibro 240 ultrapiatto a carica automatica.<\/p>\n","protected":false},"excerpt":{"rendered":"<p>CARICA AUTOMATICA<\/p>\n","protected":false},"featured_media":3251,"template":"","meta":{"_acf_changed":false,"inline_featured_image":false},"product_brand":[],"product_cat":[28],"product_tag":[],"class_list":{"0":"post-7368","1":"product","2":"type-product","3":"status-publish","4":"has-post-thumbnail","6":"product_cat-automatici","7":"pa_brand-patek-philippe","9":"first","10":"outofstock","11":"shipping-taxable","12":"purchasable","13":"product-type-simple","14":"add-to-wishlist-before_image"},"acf":[],"yoast_head":"<!-- This site is optimized with the Yoast SEO plugin v27.3 - https:\/\/yoast.com\/product\/yoast-seo-wordpress\/ -->\n<title>CALATRAVA PATEK PHILIPPE | Palumbo &amp; Gigante Palermo e Termini Imerese<\/title>\n<meta name=\"description\" content=\"CALATRAVA CARICA AUTOMATICA PATEK PHILIPPE: acquista online o prenota un appuntamento in boutique.\" \/>\n<meta name=\"robots\" content=\"index, follow, max-snippet:-1, max-image-preview:large, max-video-preview:-1\" \/>\n<link rel=\"canonical\" href=\"https:\/\/www.palumboegigante.it\/it\/prodotto\/calatrava-2\/\" \/>\n<meta property=\"og:locale\" content=\"it_IT\" \/>\n<meta property=\"og:type\" content=\"article\" \/>\n<meta property=\"og:title\" content=\"CALATRAVA PATEK PHILIPPE | Palumbo &amp; Gigante Palermo e Termini Imerese\" \/>\n<meta property=\"og:description\" content=\"CALATRAVA CARICA AUTOMATICA PATEK PHILIPPE: acquista online o prenota un appuntamento in boutique.\" \/>\n<meta property=\"og:url\" content=\"https:\/\/www.palumboegigante.it\/it\/prodotto\/calatrava-2\/\" \/>\n<meta property=\"og:site_name\" content=\"Palumbo &amp; Gigante\" \/>\n<meta property=\"article:publisher\" content=\"https:\/\/www.facebook.com\/palumboegigante\/\" \/>\n<meta property=\"article:modified_time\" content=\"2026-02-09T17:47:26+00:00\" \/>\n<meta property=\"og:image\" content=\"https:\/\/www.palumboegigante.it\/wp-content\/uploads\/2024\/02\/3221408d-56b0-49a1-ac7d-642eb8636d4f-scaled.jpg\" \/>\n\t<meta property=\"og:image:width\" content=\"1789\" \/>\n\t<meta property=\"og:image:height\" content=\"2560\" \/>\n\t<meta property=\"og:image:type\" content=\"image\/jpeg\" \/>\n<meta name=\"twitter:card\" content=\"summary_large_image\" \/>\n<meta name=\"twitter:label1\" content=\"Tempo di lettura stimato\" \/>\n\t<meta name=\"twitter:data1\" content=\"1 minuto\" \/>\n<script type=\"application\/ld+json\" class=\"yoast-schema-graph\">{\"@context\":\"https:\\\/\\\/schema.org\",\"@graph\":[{\"@type\":\"WebPage\",\"@id\":\"https:\\\/\\\/www.palumboegigante.it\\\/it\\\/prodotto\\\/calatrava-2\\\/\",\"url\":\"https:\\\/\\\/www.palumboegigante.it\\\/it\\\/prodotto\\\/calatrava-2\\\/\",\"name\":\"CALATRAVA PATEK PHILIPPE | Palumbo &amp; Gigante Palermo e Termini Imerese\",\"isPartOf\":{\"@id\":\"https:\\\/\\\/www.palumboegigante.it\\\/it\\\/#website\"},\"primaryImageOfPage\":{\"@id\":\"https:\\\/\\\/www.palumboegigante.it\\\/it\\\/prodotto\\\/calatrava-2\\\/#primaryimage\"},\"image\":{\"@id\":\"https:\\\/\\\/www.palumboegigante.it\\\/it\\\/prodotto\\\/calatrava-2\\\/#primaryimage\"},\"thumbnailUrl\":\"https:\\\/\\\/www.palumboegigante.it\\\/wp-content\\\/uploads\\\/2024\\\/02\\\/3221408d-56b0-49a1-ac7d-642eb8636d4f-scaled.jpg\",\"datePublished\":\"2024-05-24T09:20:03+00:00\",\"dateModified\":\"2026-02-09T17:47:26+00:00\",\"description\":\"CALATRAVA CARICA AUTOMATICA PATEK PHILIPPE: acquista online o prenota un appuntamento in boutique.\",\"breadcrumb\":{\"@id\":\"https:\\\/\\\/www.palumboegigante.it\\\/it\\\/prodotto\\\/calatrava-2\\\/#breadcrumb\"},\"inLanguage\":\"it-IT\",\"potentialAction\":[{\"@type\":\"ReadAction\",\"target\":[\"https:\\\/\\\/www.palumboegigante.it\\\/it\\\/prodotto\\\/calatrava-2\\\/\"]}]},{\"@type\":\"ImageObject\",\"inLanguage\":\"it-IT\",\"@id\":\"https:\\\/\\\/www.palumboegigante.it\\\/it\\\/prodotto\\\/calatrava-2\\\/#primaryimage\",\"url\":\"https:\\\/\\\/www.palumboegigante.it\\\/wp-content\\\/uploads\\\/2024\\\/02\\\/3221408d-56b0-49a1-ac7d-642eb8636d4f-scaled.jpg\",\"contentUrl\":\"https:\\\/\\\/www.palumboegigante.it\\\/wp-content\\\/uploads\\\/2024\\\/02\\\/3221408d-56b0-49a1-ac7d-642eb8636d4f-scaled.jpg\",\"width\":1789,\"height\":2560,\"caption\":\"CALATRAVA\"},{\"@type\":\"BreadcrumbList\",\"@id\":\"https:\\\/\\\/www.palumboegigante.it\\\/it\\\/prodotto\\\/calatrava-2\\\/#breadcrumb\",\"itemListElement\":[{\"@type\":\"ListItem\",\"position\":1,\"name\":\"Home\",\"item\":\"https:\\\/\\\/www.palumboegigante.it\\\/it\\\/\"},{\"@type\":\"ListItem\",\"position\":2,\"name\":\"Shop\",\"item\":\"https:\\\/\\\/www.palumboegigante.it\\\/it\\\/shop-wc\\\/\"},{\"@type\":\"ListItem\",\"position\":3,\"name\":\"CALATRAVA\"}]},{\"@type\":\"WebSite\",\"@id\":\"https:\\\/\\\/www.palumboegigante.it\\\/it\\\/#website\",\"url\":\"https:\\\/\\\/www.palumboegigante.it\\\/it\\\/\",\"name\":\"Palumbo &amp; Gigante\",\"description\":\"\",\"publisher\":{\"@id\":\"https:\\\/\\\/www.palumboegigante.it\\\/it\\\/#organization\"},\"potentialAction\":[{\"@type\":\"SearchAction\",\"target\":{\"@type\":\"EntryPoint\",\"urlTemplate\":\"https:\\\/\\\/www.palumboegigante.it\\\/it\\\/?s={search_term_string}\"},\"query-input\":{\"@type\":\"PropertyValueSpecification\",\"valueRequired\":true,\"valueName\":\"search_term_string\"}}],\"inLanguage\":\"it-IT\"},{\"@type\":\"Organization\",\"@id\":\"https:\\\/\\\/www.palumboegigante.it\\\/it\\\/#organization\",\"name\":\"Palumbo & Gigante\",\"url\":\"https:\\\/\\\/www.palumboegigante.it\\\/it\\\/\",\"logo\":{\"@type\":\"ImageObject\",\"inLanguage\":\"it-IT\",\"@id\":\"https:\\\/\\\/www.palumboegigante.it\\\/it\\\/#\\\/schema\\\/logo\\\/image\\\/\",\"url\":\"https:\\\/\\\/www.palumboegigante.it\\\/wp-content\\\/uploads\\\/2024\\\/03\\\/logo.png\",\"contentUrl\":\"https:\\\/\\\/www.palumboegigante.it\\\/wp-content\\\/uploads\\\/2024\\\/03\\\/logo.png\",\"width\":112,\"height\":112,\"caption\":\"Palumbo & Gigante\"},\"image\":{\"@id\":\"https:\\\/\\\/www.palumboegigante.it\\\/it\\\/#\\\/schema\\\/logo\\\/image\\\/\"},\"sameAs\":[\"https:\\\/\\\/www.facebook.com\\\/palumboegigante\\\/\",\"https:\\\/\\\/www.instagram.com\\\/palumboegigante\\\/\"]}]}<\/script>\n<!-- \/ Yoast SEO plugin. -->","yoast_head_json":{"title":"CALATRAVA PATEK PHILIPPE | Palumbo &amp; Gigante Palermo e Termini Imerese","description":"CALATRAVA CARICA AUTOMATICA PATEK PHILIPPE: acquista online o prenota un appuntamento in boutique.","robots":{"index":"index","follow":"follow","max-snippet":"max-snippet:-1","max-image-preview":"max-image-preview:large","max-video-preview":"max-video-preview:-1"},"canonical":"https:\/\/www.palumboegigante.it\/it\/prodotto\/calatrava-2\/","og_locale":"it_IT","og_type":"article","og_title":"CALATRAVA PATEK PHILIPPE | Palumbo &amp; Gigante Palermo e Termini Imerese","og_description":"CALATRAVA CARICA AUTOMATICA PATEK PHILIPPE: acquista online o prenota un appuntamento in boutique.","og_url":"https:\/\/www.palumboegigante.it\/it\/prodotto\/calatrava-2\/","og_site_name":"Palumbo &amp; Gigante","article_publisher":"https:\/\/www.facebook.com\/palumboegigante\/","article_modified_time":"2026-02-09T17:47:26+00:00","og_image":[{"width":1789,"height":2560,"url":"https:\/\/www.palumboegigante.it\/wp-content\/uploads\/2024\/02\/3221408d-56b0-49a1-ac7d-642eb8636d4f-scaled.jpg","type":"image\/jpeg"}],"twitter_card":"summary_large_image","twitter_misc":{"Tempo di lettura stimato":"1 minuto"},"schema":{"@context":"https:\/\/schema.org","@graph":[{"@type":"WebPage","@id":"https:\/\/www.palumboegigante.it\/it\/prodotto\/calatrava-2\/","url":"https:\/\/www.palumboegigante.it\/it\/prodotto\/calatrava-2\/","name":"CALATRAVA PATEK PHILIPPE | Palumbo &amp; Gigante Palermo e Termini Imerese","isPartOf":{"@id":"https:\/\/www.palumboegigante.it\/it\/#website"},"primaryImageOfPage":{"@id":"https:\/\/www.palumboegigante.it\/it\/prodotto\/calatrava-2\/#primaryimage"},"image":{"@id":"https:\/\/www.palumboegigante.it\/it\/prodotto\/calatrava-2\/#primaryimage"},"thumbnailUrl":"https:\/\/www.palumboegigante.it\/wp-content\/uploads\/2024\/02\/3221408d-56b0-49a1-ac7d-642eb8636d4f-scaled.jpg","datePublished":"2024-05-24T09:20:03+00:00","dateModified":"2026-02-09T17:47:26+00:00","description":"CALATRAVA CARICA AUTOMATICA PATEK PHILIPPE: acquista online o prenota un appuntamento in boutique.","breadcrumb":{"@id":"https:\/\/www.palumboegigante.it\/it\/prodotto\/calatrava-2\/#breadcrumb"},"inLanguage":"it-IT","potentialAction":[{"@type":"ReadAction","target":["https:\/\/www.palumboegigante.it\/it\/prodotto\/calatrava-2\/"]}]},{"@type":"ImageObject","inLanguage":"it-IT","@id":"https:\/\/www.palumboegigante.it\/it\/prodotto\/calatrava-2\/#primaryimage","url":"https:\/\/www.palumboegigante.it\/wp-content\/uploads\/2024\/02\/3221408d-56b0-49a1-ac7d-642eb8636d4f-scaled.jpg","contentUrl":"https:\/\/www.palumboegigante.it\/wp-content\/uploads\/2024\/02\/3221408d-56b0-49a1-ac7d-642eb8636d4f-scaled.jpg","width":1789,"height":2560,"caption":"CALATRAVA"},{"@type":"BreadcrumbList","@id":"https:\/\/www.palumboegigante.it\/it\/prodotto\/calatrava-2\/#breadcrumb","itemListElement":[{"@type":"ListItem","position":1,"name":"Home","item":"https:\/\/www.palumboegigante.it\/it\/"},{"@type":"ListItem","position":2,"name":"Shop","item":"https:\/\/www.palumboegigante.it\/it\/shop-wc\/"},{"@type":"ListItem","position":3,"name":"CALATRAVA"}]},{"@type":"WebSite","@id":"https:\/\/www.palumboegigante.it\/it\/#website","url":"https:\/\/www.palumboegigante.it\/it\/","name":"Palumbo &amp; Gigante","description":"","publisher":{"@id":"https:\/\/www.palumboegigante.it\/it\/#organization"},"potentialAction":[{"@type":"SearchAction","target":{"@type":"EntryPoint","urlTemplate":"https:\/\/www.palumboegigante.it\/it\/?s={search_term_string}"},"query-input":{"@type":"PropertyValueSpecification","valueRequired":true,"valueName":"search_term_string"}}],"inLanguage":"it-IT"},{"@type":"Organization","@id":"https:\/\/www.palumboegigante.it\/it\/#organization","name":"Palumbo & Gigante","url":"https:\/\/www.palumboegigante.it\/it\/","logo":{"@type":"ImageObject","inLanguage":"it-IT","@id":"https:\/\/www.palumboegigante.it\/it\/#\/schema\/logo\/image\/","url":"https:\/\/www.palumboegigante.it\/wp-content\/uploads\/2024\/03\/logo.png","contentUrl":"https:\/\/www.palumboegigante.it\/wp-content\/uploads\/2024\/03\/logo.png","width":112,"height":112,"caption":"Palumbo & Gigante"},"image":{"@id":"https:\/\/www.palumboegigante.it\/it\/#\/schema\/logo\/image\/"},"sameAs":["https:\/\/www.facebook.com\/palumboegigante\/","https:\/\/www.instagram.com\/palumboegigante\/"]}]}},"_links":{"self":[{"href":"https:\/\/www.palumboegigante.it\/it\/wp-json\/wp\/v2\/product\/7368","targetHints":{"allow":["GET"]}}],"collection":[{"href":"https:\/\/www.palumboegigante.it\/it\/wp-json\/wp\/v2\/product"}],"about":[{"href":"https:\/\/www.palumboegigante.it\/it\/wp-json\/wp\/v2\/types\/product"}],"wp:featuredmedia":[{"embeddable":true,"href":"https:\/\/www.palumboegigante.it\/it\/wp-json\/wp\/v2\/media\/3251"}],"wp:attachment":[{"href":"https:\/\/www.palumboegigante.it\/it\/wp-json\/wp\/v2\/media?parent=7368"}],"wp:term":[{"taxonomy":"product_brand","embeddable":true,"href":"https:\/\/www.palumboegigante.it\/it\/wp-json\/wp\/v2\/product_brand?post=7368"},{"taxonomy":"product_cat","embeddable":true,"href":"https:\/\/www.palumboegigante.it\/it\/wp-json\/wp\/v2\/product_cat?post=7368"},{"taxonomy":"product_tag","embeddable":true,"href":"https:\/\/www.palumboegigante.it\/it\/wp-json\/wp\/v2\/product_tag?post=7368"}],"curies":[{"name":"wp","href":"https:\/\/api.w.org\/{rel}","templated":true}]}}