{"id":7349,"date":"2024-05-24T11:13:54","date_gmt":"2024-05-24T09:13:54","guid":{"rendered":"https:\/\/www.palumboegigante.it\/prodotto\/sphera-secchio-vino\/"},"modified":"2024-05-24T13:03:05","modified_gmt":"2024-05-24T11:03:05","slug":"sphera-secchio-vino","status":"publish","type":"product","link":"https:\/\/www.palumboegigante.it\/it\/prodotto\/sphera-secchio-vino\/","title":{"rendered":"Sphera Secchio Vino"},"content":{"rendered":"<p>Una collezione contemporanea in cui la funzionalit\u00e0 convive con la reminiscenza stilistica di &#8220;The space age&#8221;, la corrente di design sviluppata nella seconda met\u00e0 degli anni &#8217;60. In Sambonet Sphera la razionalit\u00e0 delle forme \u00e8 associata alla praticit\u00e0 d&#8217;uso.  Un raffinato secchio vino, perfetto per mantenere la temperatura costante delle proprie bottiglie. Un oggetto imperdibile per la propria tavola speciale oppure per un happy hour casalingo. Realizzato in acciaio argentato Sambonet, che dona una luminosa eleganza alla superfici. Forme morbide, tonde e organiche, dalle reminescenze stilistiche della &#8220;space age&#8221; degli anni &#8217;60. Affermata per il suo indistiguibile design, Sphera ha ricevuto il Red Dot e il Good Design Award. La purezza dell\u2019argento unita alla qualit\u00e0 dell\u2019acciaio inox. Un&#8217;esclusiva tecnica di argentatura che consiste in un ciclo di elettrodeposizione e lucidatura eseguito da specialisti altamente qualificati, che garantisce una maggiore durata e resistenza all\u2019ossidazione. Sulle tavole e negli ambienti pi\u00f9 raffinati, gli oggetti risplendono con un eccezionale e duraturo effetto specchio.  Un concetto contemporaneo in cui la funzionalit\u00e0 convive con reminiscenze stilistiche della &#8220;Space age&#8221;, l&#8217;era spaziale del design della seconda met\u00e0 degli anni &#8217;60. La collezione Sphera di Sambonet esprime forme morbide, tonde e organiche &#8211; in continua evoluzione.<\/p>\n","protected":false},"excerpt":{"rendered":"<p>Acciaio inox &#8211; 22,00 cm x 18,50 cm <\/p>\n","protected":false},"featured_media":6474,"template":"","meta":{"_acf_changed":false,"inline_featured_image":false},"product_brand":[],"product_cat":[73],"product_tag":[],"class_list":{"0":"post-7349","1":"product","2":"type-product","3":"status-publish","4":"has-post-thumbnail","6":"product_cat-oggettistica","7":"pa_brand-sambonet","9":"first","10":"outofstock","11":"shipping-taxable","12":"purchasable","13":"product-type-simple","14":"add-to-wishlist-before_image"},"acf":[],"yoast_head":"<!-- This site is optimized with the Yoast SEO plugin v27.3 - https:\/\/yoast.com\/product\/yoast-seo-wordpress\/ -->\n<title>Sphera Secchio Vino SAMBONET | Palumbo &amp; Gigante Palermo e Termini Imerese<\/title>\n<meta name=\"description\" content=\"Sphera Secchio Vino Acciaio inox - 22,00 cm x 18,50 cm SAMBONET: acquista online o prenota un appuntamento in boutique.\" \/>\n<meta name=\"robots\" content=\"index, follow, max-snippet:-1, max-image-preview:large, max-video-preview:-1\" \/>\n<link rel=\"canonical\" href=\"https:\/\/www.palumboegigante.it\/it\/prodotto\/sphera-secchio-vino\/\" \/>\n<meta property=\"og:locale\" content=\"it_IT\" \/>\n<meta property=\"og:type\" content=\"article\" \/>\n<meta property=\"og:title\" content=\"Sphera Secchio Vino SAMBONET | Palumbo &amp; Gigante Palermo e Termini Imerese\" \/>\n<meta property=\"og:description\" content=\"Sphera Secchio Vino Acciaio inox - 22,00 cm x 18,50 cm SAMBONET: acquista online o prenota un appuntamento in boutique.\" \/>\n<meta property=\"og:url\" content=\"https:\/\/www.palumboegigante.it\/it\/prodotto\/sphera-secchio-vino\/\" \/>\n<meta property=\"og:site_name\" content=\"Palumbo &amp; Gigante\" \/>\n<meta property=\"article:publisher\" content=\"https:\/\/www.facebook.com\/palumboegigante\/\" \/>\n<meta property=\"article:modified_time\" content=\"2024-05-24T11:03:05+00:00\" \/>\n<meta property=\"og:image\" content=\"https:\/\/www.palumboegigante.it\/wp-content\/uploads\/2024\/04\/156e42f7-0e23-4575-a18a-63cad799bae5.jpg\" \/>\n\t<meta property=\"og:image:width\" content=\"792\" \/>\n\t<meta property=\"og:image:height\" content=\"1100\" \/>\n\t<meta property=\"og:image:type\" content=\"image\/jpeg\" \/>\n<meta name=\"twitter:card\" content=\"summary_large_image\" \/>\n<meta name=\"twitter:label1\" content=\"Tempo di lettura stimato\" \/>\n\t<meta name=\"twitter:data1\" content=\"1 minuto\" \/>\n<script type=\"application\/ld+json\" class=\"yoast-schema-graph\">{\"@context\":\"https:\\\/\\\/schema.org\",\"@graph\":[{\"@type\":\"WebPage\",\"@id\":\"https:\\\/\\\/www.palumboegigante.it\\\/it\\\/prodotto\\\/sphera-secchio-vino\\\/\",\"url\":\"https:\\\/\\\/www.palumboegigante.it\\\/it\\\/prodotto\\\/sphera-secchio-vino\\\/\",\"name\":\"Sphera Secchio Vino SAMBONET | Palumbo &amp; Gigante Palermo e Termini Imerese\",\"isPartOf\":{\"@id\":\"https:\\\/\\\/www.palumboegigante.it\\\/it\\\/#website\"},\"primaryImageOfPage\":{\"@id\":\"https:\\\/\\\/www.palumboegigante.it\\\/it\\\/prodotto\\\/sphera-secchio-vino\\\/#primaryimage\"},\"image\":{\"@id\":\"https:\\\/\\\/www.palumboegigante.it\\\/it\\\/prodotto\\\/sphera-secchio-vino\\\/#primaryimage\"},\"thumbnailUrl\":\"https:\\\/\\\/www.palumboegigante.it\\\/wp-content\\\/uploads\\\/2024\\\/04\\\/156e42f7-0e23-4575-a18a-63cad799bae5.jpg\",\"datePublished\":\"2024-05-24T09:13:54+00:00\",\"dateModified\":\"2024-05-24T11:03:05+00:00\",\"description\":\"Sphera Secchio Vino Acciaio inox - 22,00 cm x 18,50 cm SAMBONET: acquista online o prenota un appuntamento in boutique.\",\"breadcrumb\":{\"@id\":\"https:\\\/\\\/www.palumboegigante.it\\\/it\\\/prodotto\\\/sphera-secchio-vino\\\/#breadcrumb\"},\"inLanguage\":\"it-IT\",\"potentialAction\":[{\"@type\":\"ReadAction\",\"target\":[\"https:\\\/\\\/www.palumboegigante.it\\\/it\\\/prodotto\\\/sphera-secchio-vino\\\/\"]}]},{\"@type\":\"ImageObject\",\"inLanguage\":\"it-IT\",\"@id\":\"https:\\\/\\\/www.palumboegigante.it\\\/it\\\/prodotto\\\/sphera-secchio-vino\\\/#primaryimage\",\"url\":\"https:\\\/\\\/www.palumboegigante.it\\\/wp-content\\\/uploads\\\/2024\\\/04\\\/156e42f7-0e23-4575-a18a-63cad799bae5.jpg\",\"contentUrl\":\"https:\\\/\\\/www.palumboegigante.it\\\/wp-content\\\/uploads\\\/2024\\\/04\\\/156e42f7-0e23-4575-a18a-63cad799bae5.jpg\",\"width\":792,\"height\":1100,\"caption\":\"Sphera Secchio Vino\"},{\"@type\":\"BreadcrumbList\",\"@id\":\"https:\\\/\\\/www.palumboegigante.it\\\/it\\\/prodotto\\\/sphera-secchio-vino\\\/#breadcrumb\",\"itemListElement\":[{\"@type\":\"ListItem\",\"position\":1,\"name\":\"Home\",\"item\":\"https:\\\/\\\/www.palumboegigante.it\\\/it\\\/\"},{\"@type\":\"ListItem\",\"position\":2,\"name\":\"Shop\",\"item\":\"https:\\\/\\\/www.palumboegigante.it\\\/it\\\/shop-wc\\\/\"},{\"@type\":\"ListItem\",\"position\":3,\"name\":\"Sphera Secchio Vino\"}]},{\"@type\":\"WebSite\",\"@id\":\"https:\\\/\\\/www.palumboegigante.it\\\/it\\\/#website\",\"url\":\"https:\\\/\\\/www.palumboegigante.it\\\/it\\\/\",\"name\":\"Palumbo &amp; Gigante\",\"description\":\"\",\"publisher\":{\"@id\":\"https:\\\/\\\/www.palumboegigante.it\\\/it\\\/#organization\"},\"potentialAction\":[{\"@type\":\"SearchAction\",\"target\":{\"@type\":\"EntryPoint\",\"urlTemplate\":\"https:\\\/\\\/www.palumboegigante.it\\\/it\\\/?s={search_term_string}\"},\"query-input\":{\"@type\":\"PropertyValueSpecification\",\"valueRequired\":true,\"valueName\":\"search_term_string\"}}],\"inLanguage\":\"it-IT\"},{\"@type\":\"Organization\",\"@id\":\"https:\\\/\\\/www.palumboegigante.it\\\/it\\\/#organization\",\"name\":\"Palumbo & Gigante\",\"url\":\"https:\\\/\\\/www.palumboegigante.it\\\/it\\\/\",\"logo\":{\"@type\":\"ImageObject\",\"inLanguage\":\"it-IT\",\"@id\":\"https:\\\/\\\/www.palumboegigante.it\\\/it\\\/#\\\/schema\\\/logo\\\/image\\\/\",\"url\":\"https:\\\/\\\/www.palumboegigante.it\\\/wp-content\\\/uploads\\\/2024\\\/03\\\/logo.png\",\"contentUrl\":\"https:\\\/\\\/www.palumboegigante.it\\\/wp-content\\\/uploads\\\/2024\\\/03\\\/logo.png\",\"width\":112,\"height\":112,\"caption\":\"Palumbo & Gigante\"},\"image\":{\"@id\":\"https:\\\/\\\/www.palumboegigante.it\\\/it\\\/#\\\/schema\\\/logo\\\/image\\\/\"},\"sameAs\":[\"https:\\\/\\\/www.facebook.com\\\/palumboegigante\\\/\",\"https:\\\/\\\/www.instagram.com\\\/palumboegigante\\\/\"]}]}<\/script>\n<!-- \/ Yoast SEO plugin. -->","yoast_head_json":{"title":"Sphera Secchio Vino SAMBONET | Palumbo &amp; Gigante Palermo e Termini Imerese","description":"Sphera Secchio Vino Acciaio inox - 22,00 cm x 18,50 cm SAMBONET: acquista online o prenota un appuntamento in boutique.","robots":{"index":"index","follow":"follow","max-snippet":"max-snippet:-1","max-image-preview":"max-image-preview:large","max-video-preview":"max-video-preview:-1"},"canonical":"https:\/\/www.palumboegigante.it\/it\/prodotto\/sphera-secchio-vino\/","og_locale":"it_IT","og_type":"article","og_title":"Sphera Secchio Vino SAMBONET | Palumbo &amp; Gigante Palermo e Termini Imerese","og_description":"Sphera Secchio Vino Acciaio inox - 22,00 cm x 18,50 cm SAMBONET: acquista online o prenota un appuntamento in boutique.","og_url":"https:\/\/www.palumboegigante.it\/it\/prodotto\/sphera-secchio-vino\/","og_site_name":"Palumbo &amp; Gigante","article_publisher":"https:\/\/www.facebook.com\/palumboegigante\/","article_modified_time":"2024-05-24T11:03:05+00:00","og_image":[{"width":792,"height":1100,"url":"https:\/\/www.palumboegigante.it\/wp-content\/uploads\/2024\/04\/156e42f7-0e23-4575-a18a-63cad799bae5.jpg","type":"image\/jpeg"}],"twitter_card":"summary_large_image","twitter_misc":{"Tempo di lettura stimato":"1 minuto"},"schema":{"@context":"https:\/\/schema.org","@graph":[{"@type":"WebPage","@id":"https:\/\/www.palumboegigante.it\/it\/prodotto\/sphera-secchio-vino\/","url":"https:\/\/www.palumboegigante.it\/it\/prodotto\/sphera-secchio-vino\/","name":"Sphera Secchio Vino SAMBONET | Palumbo &amp; Gigante Palermo e Termini Imerese","isPartOf":{"@id":"https:\/\/www.palumboegigante.it\/it\/#website"},"primaryImageOfPage":{"@id":"https:\/\/www.palumboegigante.it\/it\/prodotto\/sphera-secchio-vino\/#primaryimage"},"image":{"@id":"https:\/\/www.palumboegigante.it\/it\/prodotto\/sphera-secchio-vino\/#primaryimage"},"thumbnailUrl":"https:\/\/www.palumboegigante.it\/wp-content\/uploads\/2024\/04\/156e42f7-0e23-4575-a18a-63cad799bae5.jpg","datePublished":"2024-05-24T09:13:54+00:00","dateModified":"2024-05-24T11:03:05+00:00","description":"Sphera Secchio Vino Acciaio inox - 22,00 cm x 18,50 cm SAMBONET: acquista online o prenota un appuntamento in boutique.","breadcrumb":{"@id":"https:\/\/www.palumboegigante.it\/it\/prodotto\/sphera-secchio-vino\/#breadcrumb"},"inLanguage":"it-IT","potentialAction":[{"@type":"ReadAction","target":["https:\/\/www.palumboegigante.it\/it\/prodotto\/sphera-secchio-vino\/"]}]},{"@type":"ImageObject","inLanguage":"it-IT","@id":"https:\/\/www.palumboegigante.it\/it\/prodotto\/sphera-secchio-vino\/#primaryimage","url":"https:\/\/www.palumboegigante.it\/wp-content\/uploads\/2024\/04\/156e42f7-0e23-4575-a18a-63cad799bae5.jpg","contentUrl":"https:\/\/www.palumboegigante.it\/wp-content\/uploads\/2024\/04\/156e42f7-0e23-4575-a18a-63cad799bae5.jpg","width":792,"height":1100,"caption":"Sphera Secchio Vino"},{"@type":"BreadcrumbList","@id":"https:\/\/www.palumboegigante.it\/it\/prodotto\/sphera-secchio-vino\/#breadcrumb","itemListElement":[{"@type":"ListItem","position":1,"name":"Home","item":"https:\/\/www.palumboegigante.it\/it\/"},{"@type":"ListItem","position":2,"name":"Shop","item":"https:\/\/www.palumboegigante.it\/it\/shop-wc\/"},{"@type":"ListItem","position":3,"name":"Sphera Secchio Vino"}]},{"@type":"WebSite","@id":"https:\/\/www.palumboegigante.it\/it\/#website","url":"https:\/\/www.palumboegigante.it\/it\/","name":"Palumbo &amp; Gigante","description":"","publisher":{"@id":"https:\/\/www.palumboegigante.it\/it\/#organization"},"potentialAction":[{"@type":"SearchAction","target":{"@type":"EntryPoint","urlTemplate":"https:\/\/www.palumboegigante.it\/it\/?s={search_term_string}"},"query-input":{"@type":"PropertyValueSpecification","valueRequired":true,"valueName":"search_term_string"}}],"inLanguage":"it-IT"},{"@type":"Organization","@id":"https:\/\/www.palumboegigante.it\/it\/#organization","name":"Palumbo & Gigante","url":"https:\/\/www.palumboegigante.it\/it\/","logo":{"@type":"ImageObject","inLanguage":"it-IT","@id":"https:\/\/www.palumboegigante.it\/it\/#\/schema\/logo\/image\/","url":"https:\/\/www.palumboegigante.it\/wp-content\/uploads\/2024\/03\/logo.png","contentUrl":"https:\/\/www.palumboegigante.it\/wp-content\/uploads\/2024\/03\/logo.png","width":112,"height":112,"caption":"Palumbo & Gigante"},"image":{"@id":"https:\/\/www.palumboegigante.it\/it\/#\/schema\/logo\/image\/"},"sameAs":["https:\/\/www.facebook.com\/palumboegigante\/","https:\/\/www.instagram.com\/palumboegigante\/"]}]}},"_links":{"self":[{"href":"https:\/\/www.palumboegigante.it\/it\/wp-json\/wp\/v2\/product\/7349","targetHints":{"allow":["GET"]}}],"collection":[{"href":"https:\/\/www.palumboegigante.it\/it\/wp-json\/wp\/v2\/product"}],"about":[{"href":"https:\/\/www.palumboegigante.it\/it\/wp-json\/wp\/v2\/types\/product"}],"wp:featuredmedia":[{"embeddable":true,"href":"https:\/\/www.palumboegigante.it\/it\/wp-json\/wp\/v2\/media\/6474"}],"wp:attachment":[{"href":"https:\/\/www.palumboegigante.it\/it\/wp-json\/wp\/v2\/media?parent=7349"}],"wp:term":[{"taxonomy":"product_brand","embeddable":true,"href":"https:\/\/www.palumboegigante.it\/it\/wp-json\/wp\/v2\/product_brand?post=7349"},{"taxonomy":"product_cat","embeddable":true,"href":"https:\/\/www.palumboegigante.it\/it\/wp-json\/wp\/v2\/product_cat?post=7349"},{"taxonomy":"product_tag","embeddable":true,"href":"https:\/\/www.palumboegigante.it\/it\/wp-json\/wp\/v2\/product_tag?post=7349"}],"curies":[{"name":"wp","href":"https:\/\/api.w.org\/{rel}","templated":true}]}}