{"id":14567,"date":"2024-12-13T13:19:47","date_gmt":"2024-12-13T12:19:47","guid":{"rendered":"https:\/\/www.palumboegigante.it\/prodotto\/anello-con-stella\/"},"modified":"2026-04-04T03:20:42","modified_gmt":"2026-04-04T01:20:42","slug":"anello-con-stella","status":"publish","type":"product","link":"https:\/\/www.palumboegigante.it\/it\/prodotto\/anello-con-stella\/","title":{"rendered":"Anello con stella"},"content":{"rendered":"<p>Cielo \u00e8 la collezione che Marco Gerbella dedica alla forme di morbide nuvole bianche e alla luminosit\u00e0 degli astri. Questo anello a forma di stella realizzato in filo piatto d&#8217;oro 18 kt \u00e8 una dolce creazione da indossare o da dedicare per un&#8217;occasione unica e preziosa.   Materiale: oro giallo o rosa 18 kt     Grandezza della stella: 1,5 cm<\/p>\n","protected":false},"excerpt":{"rendered":"<p>Oro rosa<\/p>\n","protected":false},"featured_media":14586,"template":"","meta":{"_acf_changed":false,"inline_featured_image":false},"product_brand":[],"product_cat":[24],"product_tag":[],"class_list":{"0":"post-14567","1":"product","2":"type-product","3":"status-publish","4":"has-post-thumbnail","6":"product_cat-anelli","7":"pa_brand-marco-gerbella","9":"first","10":"instock","11":"shipping-taxable","12":"product-type-variable","13":"add-to-wishlist-before_image"},"acf":[],"yoast_head":"<!-- This site is optimized with the Yoast SEO plugin v25.9 - https:\/\/yoast.com\/wordpress\/plugins\/seo\/ -->\n<title>Anello con stella MARCO GERBELLA | Palumbo &amp; Gigante Palermo e Termini Imerese<\/title>\n<meta name=\"description\" content=\"Anello con stella Oro rosa MARCO GERBELLA: acquista online o prenota un appuntamento in boutique.\" \/>\n<meta name=\"robots\" content=\"index, follow, max-snippet:-1, max-image-preview:large, max-video-preview:-1\" \/>\n<link rel=\"canonical\" href=\"https:\/\/www.palumboegigante.it\/it\/prodotto\/anello-con-stella\/\" \/>\n<meta property=\"og:locale\" content=\"it_IT\" \/>\n<meta property=\"og:type\" content=\"article\" \/>\n<meta property=\"og:title\" content=\"Anello con stella MARCO GERBELLA | Palumbo &amp; Gigante Palermo e Termini Imerese\" \/>\n<meta property=\"og:description\" content=\"Anello con stella Oro rosa MARCO GERBELLA: acquista online o prenota un appuntamento in boutique.\" \/>\n<meta property=\"og:url\" content=\"https:\/\/www.palumboegigante.it\/it\/prodotto\/anello-con-stella\/\" \/>\n<meta property=\"og:site_name\" content=\"Palumbo &amp; Gigante\" \/>\n<meta property=\"article:publisher\" content=\"https:\/\/www.facebook.com\/palumboegigante\/\" \/>\n<meta property=\"article:modified_time\" content=\"2026-04-04T01:20:42+00:00\" \/>\n<meta property=\"og:image\" content=\"https:\/\/www.palumboegigante.it\/wp-content\/uploads\/2024\/12\/e567f46d-100d-46a7-a9bf-86ed22d2a822.png\" \/>\n\t<meta property=\"og:image:width\" content=\"1080\" \/>\n\t<meta property=\"og:image:height\" content=\"1080\" \/>\n\t<meta property=\"og:image:type\" content=\"image\/png\" \/>\n<meta name=\"twitter:card\" content=\"summary_large_image\" \/>\n<script type=\"application\/ld+json\" class=\"yoast-schema-graph\">{\"@context\":\"https:\/\/schema.org\",\"@graph\":[{\"@type\":\"WebPage\",\"@id\":\"https:\/\/www.palumboegigante.it\/it\/prodotto\/anello-con-stella\/\",\"url\":\"https:\/\/www.palumboegigante.it\/it\/prodotto\/anello-con-stella\/\",\"name\":\"Anello con stella MARCO GERBELLA | Palumbo &amp; Gigante Palermo e Termini Imerese\",\"isPartOf\":{\"@id\":\"https:\/\/www.palumboegigante.it\/it\/#website\"},\"primaryImageOfPage\":{\"@id\":\"https:\/\/www.palumboegigante.it\/it\/prodotto\/anello-con-stella\/#primaryimage\"},\"image\":{\"@id\":\"https:\/\/www.palumboegigante.it\/it\/prodotto\/anello-con-stella\/#primaryimage\"},\"thumbnailUrl\":\"https:\/\/www.palumboegigante.it\/wp-content\/uploads\/2024\/12\/e567f46d-100d-46a7-a9bf-86ed22d2a822.png\",\"datePublished\":\"2024-12-13T12:19:47+00:00\",\"dateModified\":\"2026-04-04T01:20:42+00:00\",\"description\":\"Anello con stella Oro rosa MARCO GERBELLA: acquista online o prenota un appuntamento in boutique.\",\"breadcrumb\":{\"@id\":\"https:\/\/www.palumboegigante.it\/it\/prodotto\/anello-con-stella\/#breadcrumb\"},\"inLanguage\":\"it-IT\",\"potentialAction\":[{\"@type\":\"ReadAction\",\"target\":[\"https:\/\/www.palumboegigante.it\/it\/prodotto\/anello-con-stella\/\"]}]},{\"@type\":\"ImageObject\",\"inLanguage\":\"it-IT\",\"@id\":\"https:\/\/www.palumboegigante.it\/it\/prodotto\/anello-con-stella\/#primaryimage\",\"url\":\"https:\/\/www.palumboegigante.it\/wp-content\/uploads\/2024\/12\/e567f46d-100d-46a7-a9bf-86ed22d2a822.png\",\"contentUrl\":\"https:\/\/www.palumboegigante.it\/wp-content\/uploads\/2024\/12\/e567f46d-100d-46a7-a9bf-86ed22d2a822.png\",\"width\":1080,\"height\":1080,\"caption\":\"Anello con stella\"},{\"@type\":\"BreadcrumbList\",\"@id\":\"https:\/\/www.palumboegigante.it\/it\/prodotto\/anello-con-stella\/#breadcrumb\",\"itemListElement\":[{\"@type\":\"ListItem\",\"position\":1,\"name\":\"Home\",\"item\":\"https:\/\/www.palumboegigante.it\/it\/\"},{\"@type\":\"ListItem\",\"position\":2,\"name\":\"Shop\",\"item\":\"https:\/\/www.palumboegigante.it\/it\/shop-wc\/\"},{\"@type\":\"ListItem\",\"position\":3,\"name\":\"Anello con stella\"}]},{\"@type\":\"WebSite\",\"@id\":\"https:\/\/www.palumboegigante.it\/it\/#website\",\"url\":\"https:\/\/www.palumboegigante.it\/it\/\",\"name\":\"Palumbo &amp; Gigante\",\"description\":\"\",\"publisher\":{\"@id\":\"https:\/\/www.palumboegigante.it\/it\/#organization\"},\"potentialAction\":[{\"@type\":\"SearchAction\",\"target\":{\"@type\":\"EntryPoint\",\"urlTemplate\":\"https:\/\/www.palumboegigante.it\/it\/?s={search_term_string}\"},\"query-input\":{\"@type\":\"PropertyValueSpecification\",\"valueRequired\":true,\"valueName\":\"search_term_string\"}}],\"inLanguage\":\"it-IT\"},{\"@type\":\"Organization\",\"@id\":\"https:\/\/www.palumboegigante.it\/it\/#organization\",\"name\":\"Palumbo & Gigante\",\"url\":\"https:\/\/www.palumboegigante.it\/it\/\",\"logo\":{\"@type\":\"ImageObject\",\"inLanguage\":\"it-IT\",\"@id\":\"https:\/\/www.palumboegigante.it\/it\/#\/schema\/logo\/image\/\",\"url\":\"https:\/\/www.palumboegigante.it\/wp-content\/uploads\/2024\/03\/logo.png\",\"contentUrl\":\"https:\/\/www.palumboegigante.it\/wp-content\/uploads\/2024\/03\/logo.png\",\"width\":112,\"height\":112,\"caption\":\"Palumbo & Gigante\"},\"image\":{\"@id\":\"https:\/\/www.palumboegigante.it\/it\/#\/schema\/logo\/image\/\"},\"sameAs\":[\"https:\/\/www.facebook.com\/palumboegigante\/\",\"https:\/\/www.instagram.com\/palumboegigante\/\"]}]}<\/script>\n<!-- \/ Yoast SEO plugin. -->","yoast_head_json":{"title":"Anello con stella MARCO GERBELLA | Palumbo &amp; Gigante Palermo e Termini Imerese","description":"Anello con stella Oro rosa MARCO GERBELLA: acquista online o prenota un appuntamento in boutique.","robots":{"index":"index","follow":"follow","max-snippet":"max-snippet:-1","max-image-preview":"max-image-preview:large","max-video-preview":"max-video-preview:-1"},"canonical":"https:\/\/www.palumboegigante.it\/it\/prodotto\/anello-con-stella\/","og_locale":"it_IT","og_type":"article","og_title":"Anello con stella MARCO GERBELLA | Palumbo &amp; Gigante Palermo e Termini Imerese","og_description":"Anello con stella Oro rosa MARCO GERBELLA: acquista online o prenota un appuntamento in boutique.","og_url":"https:\/\/www.palumboegigante.it\/it\/prodotto\/anello-con-stella\/","og_site_name":"Palumbo &amp; Gigante","article_publisher":"https:\/\/www.facebook.com\/palumboegigante\/","article_modified_time":"2026-04-04T01:20:42+00:00","og_image":[{"width":1080,"height":1080,"url":"https:\/\/www.palumboegigante.it\/wp-content\/uploads\/2024\/12\/e567f46d-100d-46a7-a9bf-86ed22d2a822.png","type":"image\/png"}],"twitter_card":"summary_large_image","schema":{"@context":"https:\/\/schema.org","@graph":[{"@type":"WebPage","@id":"https:\/\/www.palumboegigante.it\/it\/prodotto\/anello-con-stella\/","url":"https:\/\/www.palumboegigante.it\/it\/prodotto\/anello-con-stella\/","name":"Anello con stella MARCO GERBELLA | Palumbo &amp; Gigante Palermo e Termini Imerese","isPartOf":{"@id":"https:\/\/www.palumboegigante.it\/it\/#website"},"primaryImageOfPage":{"@id":"https:\/\/www.palumboegigante.it\/it\/prodotto\/anello-con-stella\/#primaryimage"},"image":{"@id":"https:\/\/www.palumboegigante.it\/it\/prodotto\/anello-con-stella\/#primaryimage"},"thumbnailUrl":"https:\/\/www.palumboegigante.it\/wp-content\/uploads\/2024\/12\/e567f46d-100d-46a7-a9bf-86ed22d2a822.png","datePublished":"2024-12-13T12:19:47+00:00","dateModified":"2026-04-04T01:20:42+00:00","description":"Anello con stella Oro rosa MARCO GERBELLA: acquista online o prenota un appuntamento in boutique.","breadcrumb":{"@id":"https:\/\/www.palumboegigante.it\/it\/prodotto\/anello-con-stella\/#breadcrumb"},"inLanguage":"it-IT","potentialAction":[{"@type":"ReadAction","target":["https:\/\/www.palumboegigante.it\/it\/prodotto\/anello-con-stella\/"]}]},{"@type":"ImageObject","inLanguage":"it-IT","@id":"https:\/\/www.palumboegigante.it\/it\/prodotto\/anello-con-stella\/#primaryimage","url":"https:\/\/www.palumboegigante.it\/wp-content\/uploads\/2024\/12\/e567f46d-100d-46a7-a9bf-86ed22d2a822.png","contentUrl":"https:\/\/www.palumboegigante.it\/wp-content\/uploads\/2024\/12\/e567f46d-100d-46a7-a9bf-86ed22d2a822.png","width":1080,"height":1080,"caption":"Anello con stella"},{"@type":"BreadcrumbList","@id":"https:\/\/www.palumboegigante.it\/it\/prodotto\/anello-con-stella\/#breadcrumb","itemListElement":[{"@type":"ListItem","position":1,"name":"Home","item":"https:\/\/www.palumboegigante.it\/it\/"},{"@type":"ListItem","position":2,"name":"Shop","item":"https:\/\/www.palumboegigante.it\/it\/shop-wc\/"},{"@type":"ListItem","position":3,"name":"Anello con stella"}]},{"@type":"WebSite","@id":"https:\/\/www.palumboegigante.it\/it\/#website","url":"https:\/\/www.palumboegigante.it\/it\/","name":"Palumbo &amp; Gigante","description":"","publisher":{"@id":"https:\/\/www.palumboegigante.it\/it\/#organization"},"potentialAction":[{"@type":"SearchAction","target":{"@type":"EntryPoint","urlTemplate":"https:\/\/www.palumboegigante.it\/it\/?s={search_term_string}"},"query-input":{"@type":"PropertyValueSpecification","valueRequired":true,"valueName":"search_term_string"}}],"inLanguage":"it-IT"},{"@type":"Organization","@id":"https:\/\/www.palumboegigante.it\/it\/#organization","name":"Palumbo & Gigante","url":"https:\/\/www.palumboegigante.it\/it\/","logo":{"@type":"ImageObject","inLanguage":"it-IT","@id":"https:\/\/www.palumboegigante.it\/it\/#\/schema\/logo\/image\/","url":"https:\/\/www.palumboegigante.it\/wp-content\/uploads\/2024\/03\/logo.png","contentUrl":"https:\/\/www.palumboegigante.it\/wp-content\/uploads\/2024\/03\/logo.png","width":112,"height":112,"caption":"Palumbo & Gigante"},"image":{"@id":"https:\/\/www.palumboegigante.it\/it\/#\/schema\/logo\/image\/"},"sameAs":["https:\/\/www.facebook.com\/palumboegigante\/","https:\/\/www.instagram.com\/palumboegigante\/"]}]}},"_links":{"self":[{"href":"https:\/\/www.palumboegigante.it\/it\/wp-json\/wp\/v2\/product\/14567","targetHints":{"allow":["GET"]}}],"collection":[{"href":"https:\/\/www.palumboegigante.it\/it\/wp-json\/wp\/v2\/product"}],"about":[{"href":"https:\/\/www.palumboegigante.it\/it\/wp-json\/wp\/v2\/types\/product"}],"wp:featuredmedia":[{"embeddable":true,"href":"https:\/\/www.palumboegigante.it\/it\/wp-json\/wp\/v2\/media\/14586"}],"wp:attachment":[{"href":"https:\/\/www.palumboegigante.it\/it\/wp-json\/wp\/v2\/media?parent=14567"}],"wp:term":[{"taxonomy":"product_brand","embeddable":true,"href":"https:\/\/www.palumboegigante.it\/it\/wp-json\/wp\/v2\/product_brand?post=14567"},{"taxonomy":"product_cat","embeddable":true,"href":"https:\/\/www.palumboegigante.it\/it\/wp-json\/wp\/v2\/product_cat?post=14567"},{"taxonomy":"product_tag","embeddable":true,"href":"https:\/\/www.palumboegigante.it\/it\/wp-json\/wp\/v2\/product_tag?post=14567"}],"curies":[{"name":"wp","href":"https:\/\/api.w.org\/{rel}","templated":true}]}}