{"id":14484,"date":"2024-12-12T19:14:29","date_gmt":"2024-12-12T18:14:29","guid":{"rendered":"https:\/\/www.palumboegigante.it\/prodotto\/anello-cuore-piccolo-a-filo\/"},"modified":"2026-04-19T03:21:58","modified_gmt":"2026-04-19T01:21:58","slug":"anello-cuore-piccolo-a-filo","status":"publish","type":"product","link":"https:\/\/www.palumboegigante.it\/it\/prodotto\/anello-cuore-piccolo-a-filo\/","title":{"rendered":"Anello cuore piccolo a filo"},"content":{"rendered":"<p>Minimale e romantica, la Collezione Piccole Gioie \u00e8 la nostra linea pi\u00f9 iconica. Definito da un cuore realizzato in oro 18 kt, questo anello \u00e8 una delicata emozione da indossare in ogni momento della giornata. Indossalo da solo o con le altre Piccole Gioie.  Materiale: Oro giallo o rosa 18 kt     Larghezza del cuore: 0,8 cm x 0,7 cm<\/p>\n","protected":false},"excerpt":{"rendered":"<p>Oro giallo<\/p>\n","protected":false},"featured_media":14482,"template":"","meta":{"_acf_changed":false,"inline_featured_image":false},"product_brand":[],"product_cat":[24],"product_tag":[],"class_list":{"0":"post-14484","1":"product","2":"type-product","3":"status-publish","4":"has-post-thumbnail","6":"product_cat-anelli","7":"pa_brand-marco-gerbella","9":"first","10":"instock","11":"shipping-taxable","12":"product-type-variable","13":"add-to-wishlist-before_image"},"acf":[],"yoast_head":"<!-- This site is optimized with the Yoast SEO plugin v27.3 - https:\/\/yoast.com\/product\/yoast-seo-wordpress\/ -->\n<title>Anello cuore piccolo a filo MARCO GERBELLA | Palumbo &amp; Gigante Palermo e Termini Imerese<\/title>\n<meta name=\"description\" content=\"Anello cuore piccolo a filo Oro giallo MARCO GERBELLA: acquista online o prenota un appuntamento in boutique.\" \/>\n<meta name=\"robots\" content=\"index, follow, max-snippet:-1, max-image-preview:large, max-video-preview:-1\" \/>\n<link rel=\"canonical\" href=\"https:\/\/www.palumboegigante.it\/it\/prodotto\/anello-cuore-piccolo-a-filo\/\" \/>\n<meta property=\"og:locale\" content=\"it_IT\" \/>\n<meta property=\"og:type\" content=\"article\" \/>\n<meta property=\"og:title\" content=\"Anello cuore piccolo a filo MARCO GERBELLA | Palumbo &amp; Gigante Palermo e Termini Imerese\" \/>\n<meta property=\"og:description\" content=\"Anello cuore piccolo a filo Oro giallo MARCO GERBELLA: acquista online o prenota un appuntamento in boutique.\" \/>\n<meta property=\"og:url\" content=\"https:\/\/www.palumboegigante.it\/it\/prodotto\/anello-cuore-piccolo-a-filo\/\" \/>\n<meta property=\"og:site_name\" content=\"Palumbo &amp; Gigante\" \/>\n<meta property=\"article:publisher\" content=\"https:\/\/www.facebook.com\/palumboegigante\/\" \/>\n<meta property=\"article:modified_time\" content=\"2026-04-19T01:21:58+00:00\" \/>\n<meta property=\"og:image\" content=\"https:\/\/www.palumboegigante.it\/wp-content\/uploads\/2024\/05\/og_default.png\" \/>\n\t<meta property=\"og:image:width\" content=\"1200\" \/>\n\t<meta property=\"og:image:height\" content=\"630\" \/>\n\t<meta property=\"og:image:type\" content=\"image\/png\" \/>\n<meta name=\"twitter:card\" content=\"summary_large_image\" \/>\n<script type=\"application\/ld+json\" class=\"yoast-schema-graph\">{\"@context\":\"https:\\\/\\\/schema.org\",\"@graph\":[{\"@type\":\"WebPage\",\"@id\":\"https:\\\/\\\/www.palumboegigante.it\\\/it\\\/prodotto\\\/anello-cuore-piccolo-a-filo\\\/\",\"url\":\"https:\\\/\\\/www.palumboegigante.it\\\/it\\\/prodotto\\\/anello-cuore-piccolo-a-filo\\\/\",\"name\":\"Anello cuore piccolo a filo MARCO GERBELLA | Palumbo &amp; Gigante Palermo e Termini Imerese\",\"isPartOf\":{\"@id\":\"https:\\\/\\\/www.palumboegigante.it\\\/it\\\/#website\"},\"primaryImageOfPage\":{\"@id\":\"https:\\\/\\\/www.palumboegigante.it\\\/it\\\/prodotto\\\/anello-cuore-piccolo-a-filo\\\/#primaryimage\"},\"image\":{\"@id\":\"https:\\\/\\\/www.palumboegigante.it\\\/it\\\/prodotto\\\/anello-cuore-piccolo-a-filo\\\/#primaryimage\"},\"thumbnailUrl\":\"https:\\\/\\\/www.palumboegigante.it\\\/wp-content\\\/uploads\\\/2024\\\/12\\\/215adbc5-cfe0-46cd-8bca-0bf82b2b20cd.jpg\",\"datePublished\":\"2024-12-12T18:14:29+00:00\",\"dateModified\":\"2026-04-19T01:21:58+00:00\",\"description\":\"Anello cuore piccolo a filo Oro giallo MARCO GERBELLA: acquista online o prenota un appuntamento in boutique.\",\"breadcrumb\":{\"@id\":\"https:\\\/\\\/www.palumboegigante.it\\\/it\\\/prodotto\\\/anello-cuore-piccolo-a-filo\\\/#breadcrumb\"},\"inLanguage\":\"it-IT\",\"potentialAction\":[{\"@type\":\"ReadAction\",\"target\":[\"https:\\\/\\\/www.palumboegigante.it\\\/it\\\/prodotto\\\/anello-cuore-piccolo-a-filo\\\/\"]}]},{\"@type\":\"ImageObject\",\"inLanguage\":\"it-IT\",\"@id\":\"https:\\\/\\\/www.palumboegigante.it\\\/it\\\/prodotto\\\/anello-cuore-piccolo-a-filo\\\/#primaryimage\",\"url\":\"https:\\\/\\\/www.palumboegigante.it\\\/wp-content\\\/uploads\\\/2024\\\/12\\\/215adbc5-cfe0-46cd-8bca-0bf82b2b20cd.jpg\",\"contentUrl\":\"https:\\\/\\\/www.palumboegigante.it\\\/wp-content\\\/uploads\\\/2024\\\/12\\\/215adbc5-cfe0-46cd-8bca-0bf82b2b20cd.jpg\",\"width\":1610,\"height\":1418,\"caption\":\"Anello cuore piccolo a filo\"},{\"@type\":\"BreadcrumbList\",\"@id\":\"https:\\\/\\\/www.palumboegigante.it\\\/it\\\/prodotto\\\/anello-cuore-piccolo-a-filo\\\/#breadcrumb\",\"itemListElement\":[{\"@type\":\"ListItem\",\"position\":1,\"name\":\"Home\",\"item\":\"https:\\\/\\\/www.palumboegigante.it\\\/it\\\/\"},{\"@type\":\"ListItem\",\"position\":2,\"name\":\"Shop\",\"item\":\"https:\\\/\\\/www.palumboegigante.it\\\/it\\\/shop-wc\\\/\"},{\"@type\":\"ListItem\",\"position\":3,\"name\":\"Anello cuore piccolo a filo\"}]},{\"@type\":\"WebSite\",\"@id\":\"https:\\\/\\\/www.palumboegigante.it\\\/it\\\/#website\",\"url\":\"https:\\\/\\\/www.palumboegigante.it\\\/it\\\/\",\"name\":\"Palumbo &amp; Gigante\",\"description\":\"\",\"publisher\":{\"@id\":\"https:\\\/\\\/www.palumboegigante.it\\\/it\\\/#organization\"},\"potentialAction\":[{\"@type\":\"SearchAction\",\"target\":{\"@type\":\"EntryPoint\",\"urlTemplate\":\"https:\\\/\\\/www.palumboegigante.it\\\/it\\\/?s={search_term_string}\"},\"query-input\":{\"@type\":\"PropertyValueSpecification\",\"valueRequired\":true,\"valueName\":\"search_term_string\"}}],\"inLanguage\":\"it-IT\"},{\"@type\":\"Organization\",\"@id\":\"https:\\\/\\\/www.palumboegigante.it\\\/it\\\/#organization\",\"name\":\"Palumbo & Gigante\",\"url\":\"https:\\\/\\\/www.palumboegigante.it\\\/it\\\/\",\"logo\":{\"@type\":\"ImageObject\",\"inLanguage\":\"it-IT\",\"@id\":\"https:\\\/\\\/www.palumboegigante.it\\\/it\\\/#\\\/schema\\\/logo\\\/image\\\/\",\"url\":\"https:\\\/\\\/www.palumboegigante.it\\\/wp-content\\\/uploads\\\/2024\\\/03\\\/logo.png\",\"contentUrl\":\"https:\\\/\\\/www.palumboegigante.it\\\/wp-content\\\/uploads\\\/2024\\\/03\\\/logo.png\",\"width\":112,\"height\":112,\"caption\":\"Palumbo & Gigante\"},\"image\":{\"@id\":\"https:\\\/\\\/www.palumboegigante.it\\\/it\\\/#\\\/schema\\\/logo\\\/image\\\/\"},\"sameAs\":[\"https:\\\/\\\/www.facebook.com\\\/palumboegigante\\\/\",\"https:\\\/\\\/www.instagram.com\\\/palumboegigante\\\/\"]}]}<\/script>\n<!-- \/ Yoast SEO plugin. -->","yoast_head_json":{"title":"Anello cuore piccolo a filo MARCO GERBELLA | Palumbo &amp; Gigante Palermo e Termini Imerese","description":"Anello cuore piccolo a filo Oro giallo MARCO GERBELLA: acquista online o prenota un appuntamento in boutique.","robots":{"index":"index","follow":"follow","max-snippet":"max-snippet:-1","max-image-preview":"max-image-preview:large","max-video-preview":"max-video-preview:-1"},"canonical":"https:\/\/www.palumboegigante.it\/it\/prodotto\/anello-cuore-piccolo-a-filo\/","og_locale":"it_IT","og_type":"article","og_title":"Anello cuore piccolo a filo MARCO GERBELLA | Palumbo &amp; Gigante Palermo e Termini Imerese","og_description":"Anello cuore piccolo a filo Oro giallo MARCO GERBELLA: acquista online o prenota un appuntamento in boutique.","og_url":"https:\/\/www.palumboegigante.it\/it\/prodotto\/anello-cuore-piccolo-a-filo\/","og_site_name":"Palumbo &amp; Gigante","article_publisher":"https:\/\/www.facebook.com\/palumboegigante\/","article_modified_time":"2026-04-19T01:21:58+00:00","og_image":[{"width":1200,"height":630,"url":"https:\/\/www.palumboegigante.it\/wp-content\/uploads\/2024\/05\/og_default.png","type":"image\/png"}],"twitter_card":"summary_large_image","schema":{"@context":"https:\/\/schema.org","@graph":[{"@type":"WebPage","@id":"https:\/\/www.palumboegigante.it\/it\/prodotto\/anello-cuore-piccolo-a-filo\/","url":"https:\/\/www.palumboegigante.it\/it\/prodotto\/anello-cuore-piccolo-a-filo\/","name":"Anello cuore piccolo a filo MARCO GERBELLA | Palumbo &amp; Gigante Palermo e Termini Imerese","isPartOf":{"@id":"https:\/\/www.palumboegigante.it\/it\/#website"},"primaryImageOfPage":{"@id":"https:\/\/www.palumboegigante.it\/it\/prodotto\/anello-cuore-piccolo-a-filo\/#primaryimage"},"image":{"@id":"https:\/\/www.palumboegigante.it\/it\/prodotto\/anello-cuore-piccolo-a-filo\/#primaryimage"},"thumbnailUrl":"https:\/\/www.palumboegigante.it\/wp-content\/uploads\/2024\/12\/215adbc5-cfe0-46cd-8bca-0bf82b2b20cd.jpg","datePublished":"2024-12-12T18:14:29+00:00","dateModified":"2026-04-19T01:21:58+00:00","description":"Anello cuore piccolo a filo Oro giallo MARCO GERBELLA: acquista online o prenota un appuntamento in boutique.","breadcrumb":{"@id":"https:\/\/www.palumboegigante.it\/it\/prodotto\/anello-cuore-piccolo-a-filo\/#breadcrumb"},"inLanguage":"it-IT","potentialAction":[{"@type":"ReadAction","target":["https:\/\/www.palumboegigante.it\/it\/prodotto\/anello-cuore-piccolo-a-filo\/"]}]},{"@type":"ImageObject","inLanguage":"it-IT","@id":"https:\/\/www.palumboegigante.it\/it\/prodotto\/anello-cuore-piccolo-a-filo\/#primaryimage","url":"https:\/\/www.palumboegigante.it\/wp-content\/uploads\/2024\/12\/215adbc5-cfe0-46cd-8bca-0bf82b2b20cd.jpg","contentUrl":"https:\/\/www.palumboegigante.it\/wp-content\/uploads\/2024\/12\/215adbc5-cfe0-46cd-8bca-0bf82b2b20cd.jpg","width":1610,"height":1418,"caption":"Anello cuore piccolo a filo"},{"@type":"BreadcrumbList","@id":"https:\/\/www.palumboegigante.it\/it\/prodotto\/anello-cuore-piccolo-a-filo\/#breadcrumb","itemListElement":[{"@type":"ListItem","position":1,"name":"Home","item":"https:\/\/www.palumboegigante.it\/it\/"},{"@type":"ListItem","position":2,"name":"Shop","item":"https:\/\/www.palumboegigante.it\/it\/shop-wc\/"},{"@type":"ListItem","position":3,"name":"Anello cuore piccolo a filo"}]},{"@type":"WebSite","@id":"https:\/\/www.palumboegigante.it\/it\/#website","url":"https:\/\/www.palumboegigante.it\/it\/","name":"Palumbo &amp; Gigante","description":"","publisher":{"@id":"https:\/\/www.palumboegigante.it\/it\/#organization"},"potentialAction":[{"@type":"SearchAction","target":{"@type":"EntryPoint","urlTemplate":"https:\/\/www.palumboegigante.it\/it\/?s={search_term_string}"},"query-input":{"@type":"PropertyValueSpecification","valueRequired":true,"valueName":"search_term_string"}}],"inLanguage":"it-IT"},{"@type":"Organization","@id":"https:\/\/www.palumboegigante.it\/it\/#organization","name":"Palumbo & Gigante","url":"https:\/\/www.palumboegigante.it\/it\/","logo":{"@type":"ImageObject","inLanguage":"it-IT","@id":"https:\/\/www.palumboegigante.it\/it\/#\/schema\/logo\/image\/","url":"https:\/\/www.palumboegigante.it\/wp-content\/uploads\/2024\/03\/logo.png","contentUrl":"https:\/\/www.palumboegigante.it\/wp-content\/uploads\/2024\/03\/logo.png","width":112,"height":112,"caption":"Palumbo & Gigante"},"image":{"@id":"https:\/\/www.palumboegigante.it\/it\/#\/schema\/logo\/image\/"},"sameAs":["https:\/\/www.facebook.com\/palumboegigante\/","https:\/\/www.instagram.com\/palumboegigante\/"]}]}},"_links":{"self":[{"href":"https:\/\/www.palumboegigante.it\/it\/wp-json\/wp\/v2\/product\/14484","targetHints":{"allow":["GET"]}}],"collection":[{"href":"https:\/\/www.palumboegigante.it\/it\/wp-json\/wp\/v2\/product"}],"about":[{"href":"https:\/\/www.palumboegigante.it\/it\/wp-json\/wp\/v2\/types\/product"}],"wp:featuredmedia":[{"embeddable":true,"href":"https:\/\/www.palumboegigante.it\/it\/wp-json\/wp\/v2\/media\/14482"}],"wp:attachment":[{"href":"https:\/\/www.palumboegigante.it\/it\/wp-json\/wp\/v2\/media?parent=14484"}],"wp:term":[{"taxonomy":"product_brand","embeddable":true,"href":"https:\/\/www.palumboegigante.it\/it\/wp-json\/wp\/v2\/product_brand?post=14484"},{"taxonomy":"product_cat","embeddable":true,"href":"https:\/\/www.palumboegigante.it\/it\/wp-json\/wp\/v2\/product_cat?post=14484"},{"taxonomy":"product_tag","embeddable":true,"href":"https:\/\/www.palumboegigante.it\/it\/wp-json\/wp\/v2\/product_tag?post=14484"}],"curies":[{"name":"wp","href":"https:\/\/api.w.org\/{rel}","templated":true}]}}