{"id":13952,"date":"2024-11-21T19:53:53","date_gmt":"2024-11-21T18:53:53","guid":{"rendered":"https:\/\/www.palumboegigante.it\/prodotto\/tissot-pr516-mechanical-chronograph\/"},"modified":"2026-04-06T03:08:54","modified_gmt":"2026-04-06T01:08:54","slug":"tissot-pr516-mechanical-chronograph","status":"publish","type":"product","link":"https:\/\/www.palumboegigante.it\/it\/prodotto\/tissot-pr516-mechanical-chronograph\/","title":{"rendered":"Tissot PR516 Mechanical Chronograph"},"content":{"rendered":"<p>Il cronografo meccanico Tissot PR516: un omaggio al celebre modello Tissot del 1970. Realizzato con una cassa in acciaio inossidabile da 41 mm e un vetro zaffiro in stile glassbox, questo orologio \u00e8 una testimonianza di sofisticata maestria. Al centro si trova un movimento svizzero a carica manuale, visibile attraverso il fondello a vista, che ne mette in mostra l&#8217;intricata meccanica. Il quadrante, dotato di indici e lancette rivestiti in Super-LumiNova\u00ae\ufe0f, garantisce leggibilit\u00e0 in qualsiasi ambiente. Un tachimetro sulla lunetta aggiunge un tocco di funzionalit\u00e0. Il suo design versatile \u00e8 completato da un bracciale bombato in acciaio inossidabile con un sistema di intercambiabilit\u00e0 rapida, perfetto per il passaggio dalle riunioni di lavoro alle gite informali. Il cronografo meccanico PR516 \u00e8 un prodotto perfetto per gli intenditori di orologi che apprezzano il design senza tempo e la precisione meccanica.<\/p>\n","protected":false},"excerpt":{"rendered":"<p>41mm<\/p>\n","protected":false},"featured_media":13950,"template":"","meta":{"_acf_changed":false,"inline_featured_image":false},"product_brand":[],"product_cat":[64],"product_tag":[],"class_list":{"0":"post-13952","1":"product","2":"type-product","3":"status-publish","4":"has-post-thumbnail","6":"product_cat-manuali","7":"pa_brand-tissot","9":"first","10":"instock","11":"shipping-taxable","12":"purchasable","13":"product-type-simple","14":"add-to-wishlist-before_image"},"acf":[],"yoast_head":"<!-- This site is optimized with the Yoast SEO plugin v25.9 - https:\/\/yoast.com\/wordpress\/plugins\/seo\/ -->\n<title>Tissot PR516 Mechanical Chronograph TISSOT | Palumbo &amp; Gigante Palermo e Termini Imerese<\/title>\n<meta name=\"description\" content=\"Tissot PR516 Mechanical Chronograph 41mm TISSOT: acquista online o prenota un appuntamento in boutique.\" \/>\n<meta name=\"robots\" content=\"index, follow, max-snippet:-1, max-image-preview:large, max-video-preview:-1\" \/>\n<link rel=\"canonical\" href=\"https:\/\/www.palumboegigante.it\/it\/prodotto\/tissot-pr516-mechanical-chronograph\/\" \/>\n<meta property=\"og:locale\" content=\"it_IT\" \/>\n<meta property=\"og:type\" content=\"article\" \/>\n<meta property=\"og:title\" content=\"Tissot PR516 Mechanical Chronograph TISSOT | Palumbo &amp; Gigante Palermo e Termini Imerese\" \/>\n<meta property=\"og:description\" content=\"Tissot PR516 Mechanical Chronograph 41mm TISSOT: acquista online o prenota un appuntamento in boutique.\" \/>\n<meta property=\"og:url\" content=\"https:\/\/www.palumboegigante.it\/it\/prodotto\/tissot-pr516-mechanical-chronograph\/\" \/>\n<meta property=\"og:site_name\" content=\"Palumbo &amp; Gigante\" \/>\n<meta property=\"article:publisher\" content=\"https:\/\/www.facebook.com\/palumboegigante\/\" \/>\n<meta property=\"article:modified_time\" content=\"2026-04-06T01:08:54+00:00\" \/>\n<meta property=\"og:image\" content=\"https:\/\/www.palumboegigante.it\/wp-content\/uploads\/2024\/11\/098733a5-c24a-4c17-8d5e-5840ba30efa5.png\" \/>\n\t<meta property=\"og:image:width\" content=\"1680\" \/>\n\t<meta property=\"og:image:height\" content=\"1680\" \/>\n\t<meta property=\"og:image:type\" content=\"image\/png\" \/>\n<meta name=\"twitter:card\" content=\"summary_large_image\" \/>\n<meta name=\"twitter:label1\" content=\"Tempo di lettura stimato\" \/>\n\t<meta name=\"twitter:data1\" content=\"1 minuto\" \/>\n<script type=\"application\/ld+json\" class=\"yoast-schema-graph\">{\"@context\":\"https:\/\/schema.org\",\"@graph\":[{\"@type\":\"WebPage\",\"@id\":\"https:\/\/www.palumboegigante.it\/it\/prodotto\/tissot-pr516-mechanical-chronograph\/\",\"url\":\"https:\/\/www.palumboegigante.it\/it\/prodotto\/tissot-pr516-mechanical-chronograph\/\",\"name\":\"Tissot PR516 Mechanical Chronograph TISSOT | Palumbo &amp; Gigante Palermo e Termini Imerese\",\"isPartOf\":{\"@id\":\"https:\/\/www.palumboegigante.it\/it\/#website\"},\"primaryImageOfPage\":{\"@id\":\"https:\/\/www.palumboegigante.it\/it\/prodotto\/tissot-pr516-mechanical-chronograph\/#primaryimage\"},\"image\":{\"@id\":\"https:\/\/www.palumboegigante.it\/it\/prodotto\/tissot-pr516-mechanical-chronograph\/#primaryimage\"},\"thumbnailUrl\":\"https:\/\/www.palumboegigante.it\/wp-content\/uploads\/2024\/11\/098733a5-c24a-4c17-8d5e-5840ba30efa5.png\",\"datePublished\":\"2024-11-21T18:53:53+00:00\",\"dateModified\":\"2026-04-06T01:08:54+00:00\",\"description\":\"Tissot PR516 Mechanical Chronograph 41mm TISSOT: acquista online o prenota un appuntamento in boutique.\",\"breadcrumb\":{\"@id\":\"https:\/\/www.palumboegigante.it\/it\/prodotto\/tissot-pr516-mechanical-chronograph\/#breadcrumb\"},\"inLanguage\":\"it-IT\",\"potentialAction\":[{\"@type\":\"ReadAction\",\"target\":[\"https:\/\/www.palumboegigante.it\/it\/prodotto\/tissot-pr516-mechanical-chronograph\/\"]}]},{\"@type\":\"ImageObject\",\"inLanguage\":\"it-IT\",\"@id\":\"https:\/\/www.palumboegigante.it\/it\/prodotto\/tissot-pr516-mechanical-chronograph\/#primaryimage\",\"url\":\"https:\/\/www.palumboegigante.it\/wp-content\/uploads\/2024\/11\/098733a5-c24a-4c17-8d5e-5840ba30efa5.png\",\"contentUrl\":\"https:\/\/www.palumboegigante.it\/wp-content\/uploads\/2024\/11\/098733a5-c24a-4c17-8d5e-5840ba30efa5.png\",\"width\":1680,\"height\":1680,\"caption\":\"Tissot PR516 Mechanical Chronograph\"},{\"@type\":\"BreadcrumbList\",\"@id\":\"https:\/\/www.palumboegigante.it\/it\/prodotto\/tissot-pr516-mechanical-chronograph\/#breadcrumb\",\"itemListElement\":[{\"@type\":\"ListItem\",\"position\":1,\"name\":\"Home\",\"item\":\"https:\/\/www.palumboegigante.it\/it\/\"},{\"@type\":\"ListItem\",\"position\":2,\"name\":\"Shop\",\"item\":\"https:\/\/www.palumboegigante.it\/it\/shop-wc\/\"},{\"@type\":\"ListItem\",\"position\":3,\"name\":\"Tissot PR516 Mechanical Chronograph\"}]},{\"@type\":\"WebSite\",\"@id\":\"https:\/\/www.palumboegigante.it\/it\/#website\",\"url\":\"https:\/\/www.palumboegigante.it\/it\/\",\"name\":\"Palumbo &amp; Gigante\",\"description\":\"\",\"publisher\":{\"@id\":\"https:\/\/www.palumboegigante.it\/it\/#organization\"},\"potentialAction\":[{\"@type\":\"SearchAction\",\"target\":{\"@type\":\"EntryPoint\",\"urlTemplate\":\"https:\/\/www.palumboegigante.it\/it\/?s={search_term_string}\"},\"query-input\":{\"@type\":\"PropertyValueSpecification\",\"valueRequired\":true,\"valueName\":\"search_term_string\"}}],\"inLanguage\":\"it-IT\"},{\"@type\":\"Organization\",\"@id\":\"https:\/\/www.palumboegigante.it\/it\/#organization\",\"name\":\"Palumbo & Gigante\",\"url\":\"https:\/\/www.palumboegigante.it\/it\/\",\"logo\":{\"@type\":\"ImageObject\",\"inLanguage\":\"it-IT\",\"@id\":\"https:\/\/www.palumboegigante.it\/it\/#\/schema\/logo\/image\/\",\"url\":\"https:\/\/www.palumboegigante.it\/wp-content\/uploads\/2024\/03\/logo.png\",\"contentUrl\":\"https:\/\/www.palumboegigante.it\/wp-content\/uploads\/2024\/03\/logo.png\",\"width\":112,\"height\":112,\"caption\":\"Palumbo & Gigante\"},\"image\":{\"@id\":\"https:\/\/www.palumboegigante.it\/it\/#\/schema\/logo\/image\/\"},\"sameAs\":[\"https:\/\/www.facebook.com\/palumboegigante\/\",\"https:\/\/www.instagram.com\/palumboegigante\/\"]}]}<\/script>\n<!-- \/ Yoast SEO plugin. -->","yoast_head_json":{"title":"Tissot PR516 Mechanical Chronograph TISSOT | Palumbo &amp; Gigante Palermo e Termini Imerese","description":"Tissot PR516 Mechanical Chronograph 41mm TISSOT: acquista online o prenota un appuntamento in boutique.","robots":{"index":"index","follow":"follow","max-snippet":"max-snippet:-1","max-image-preview":"max-image-preview:large","max-video-preview":"max-video-preview:-1"},"canonical":"https:\/\/www.palumboegigante.it\/it\/prodotto\/tissot-pr516-mechanical-chronograph\/","og_locale":"it_IT","og_type":"article","og_title":"Tissot PR516 Mechanical Chronograph TISSOT | Palumbo &amp; Gigante Palermo e Termini Imerese","og_description":"Tissot PR516 Mechanical Chronograph 41mm TISSOT: acquista online o prenota un appuntamento in boutique.","og_url":"https:\/\/www.palumboegigante.it\/it\/prodotto\/tissot-pr516-mechanical-chronograph\/","og_site_name":"Palumbo &amp; Gigante","article_publisher":"https:\/\/www.facebook.com\/palumboegigante\/","article_modified_time":"2026-04-06T01:08:54+00:00","og_image":[{"width":1680,"height":1680,"url":"https:\/\/www.palumboegigante.it\/wp-content\/uploads\/2024\/11\/098733a5-c24a-4c17-8d5e-5840ba30efa5.png","type":"image\/png"}],"twitter_card":"summary_large_image","twitter_misc":{"Tempo di lettura stimato":"1 minuto"},"schema":{"@context":"https:\/\/schema.org","@graph":[{"@type":"WebPage","@id":"https:\/\/www.palumboegigante.it\/it\/prodotto\/tissot-pr516-mechanical-chronograph\/","url":"https:\/\/www.palumboegigante.it\/it\/prodotto\/tissot-pr516-mechanical-chronograph\/","name":"Tissot PR516 Mechanical Chronograph TISSOT | Palumbo &amp; Gigante Palermo e Termini Imerese","isPartOf":{"@id":"https:\/\/www.palumboegigante.it\/it\/#website"},"primaryImageOfPage":{"@id":"https:\/\/www.palumboegigante.it\/it\/prodotto\/tissot-pr516-mechanical-chronograph\/#primaryimage"},"image":{"@id":"https:\/\/www.palumboegigante.it\/it\/prodotto\/tissot-pr516-mechanical-chronograph\/#primaryimage"},"thumbnailUrl":"https:\/\/www.palumboegigante.it\/wp-content\/uploads\/2024\/11\/098733a5-c24a-4c17-8d5e-5840ba30efa5.png","datePublished":"2024-11-21T18:53:53+00:00","dateModified":"2026-04-06T01:08:54+00:00","description":"Tissot PR516 Mechanical Chronograph 41mm TISSOT: acquista online o prenota un appuntamento in boutique.","breadcrumb":{"@id":"https:\/\/www.palumboegigante.it\/it\/prodotto\/tissot-pr516-mechanical-chronograph\/#breadcrumb"},"inLanguage":"it-IT","potentialAction":[{"@type":"ReadAction","target":["https:\/\/www.palumboegigante.it\/it\/prodotto\/tissot-pr516-mechanical-chronograph\/"]}]},{"@type":"ImageObject","inLanguage":"it-IT","@id":"https:\/\/www.palumboegigante.it\/it\/prodotto\/tissot-pr516-mechanical-chronograph\/#primaryimage","url":"https:\/\/www.palumboegigante.it\/wp-content\/uploads\/2024\/11\/098733a5-c24a-4c17-8d5e-5840ba30efa5.png","contentUrl":"https:\/\/www.palumboegigante.it\/wp-content\/uploads\/2024\/11\/098733a5-c24a-4c17-8d5e-5840ba30efa5.png","width":1680,"height":1680,"caption":"Tissot PR516 Mechanical Chronograph"},{"@type":"BreadcrumbList","@id":"https:\/\/www.palumboegigante.it\/it\/prodotto\/tissot-pr516-mechanical-chronograph\/#breadcrumb","itemListElement":[{"@type":"ListItem","position":1,"name":"Home","item":"https:\/\/www.palumboegigante.it\/it\/"},{"@type":"ListItem","position":2,"name":"Shop","item":"https:\/\/www.palumboegigante.it\/it\/shop-wc\/"},{"@type":"ListItem","position":3,"name":"Tissot PR516 Mechanical Chronograph"}]},{"@type":"WebSite","@id":"https:\/\/www.palumboegigante.it\/it\/#website","url":"https:\/\/www.palumboegigante.it\/it\/","name":"Palumbo &amp; Gigante","description":"","publisher":{"@id":"https:\/\/www.palumboegigante.it\/it\/#organization"},"potentialAction":[{"@type":"SearchAction","target":{"@type":"EntryPoint","urlTemplate":"https:\/\/www.palumboegigante.it\/it\/?s={search_term_string}"},"query-input":{"@type":"PropertyValueSpecification","valueRequired":true,"valueName":"search_term_string"}}],"inLanguage":"it-IT"},{"@type":"Organization","@id":"https:\/\/www.palumboegigante.it\/it\/#organization","name":"Palumbo & Gigante","url":"https:\/\/www.palumboegigante.it\/it\/","logo":{"@type":"ImageObject","inLanguage":"it-IT","@id":"https:\/\/www.palumboegigante.it\/it\/#\/schema\/logo\/image\/","url":"https:\/\/www.palumboegigante.it\/wp-content\/uploads\/2024\/03\/logo.png","contentUrl":"https:\/\/www.palumboegigante.it\/wp-content\/uploads\/2024\/03\/logo.png","width":112,"height":112,"caption":"Palumbo & Gigante"},"image":{"@id":"https:\/\/www.palumboegigante.it\/it\/#\/schema\/logo\/image\/"},"sameAs":["https:\/\/www.facebook.com\/palumboegigante\/","https:\/\/www.instagram.com\/palumboegigante\/"]}]}},"_links":{"self":[{"href":"https:\/\/www.palumboegigante.it\/it\/wp-json\/wp\/v2\/product\/13952","targetHints":{"allow":["GET"]}}],"collection":[{"href":"https:\/\/www.palumboegigante.it\/it\/wp-json\/wp\/v2\/product"}],"about":[{"href":"https:\/\/www.palumboegigante.it\/it\/wp-json\/wp\/v2\/types\/product"}],"wp:featuredmedia":[{"embeddable":true,"href":"https:\/\/www.palumboegigante.it\/it\/wp-json\/wp\/v2\/media\/13950"}],"wp:attachment":[{"href":"https:\/\/www.palumboegigante.it\/it\/wp-json\/wp\/v2\/media?parent=13952"}],"wp:term":[{"taxonomy":"product_brand","embeddable":true,"href":"https:\/\/www.palumboegigante.it\/it\/wp-json\/wp\/v2\/product_brand?post=13952"},{"taxonomy":"product_cat","embeddable":true,"href":"https:\/\/www.palumboegigante.it\/it\/wp-json\/wp\/v2\/product_cat?post=13952"},{"taxonomy":"product_tag","embeddable":true,"href":"https:\/\/www.palumboegigante.it\/it\/wp-json\/wp\/v2\/product_tag?post=13952"}],"curies":[{"name":"wp","href":"https:\/\/api.w.org\/{rel}","templated":true}]}}