{"id":8377,"date":"2024-07-09T16:53:44","date_gmt":"2024-07-09T14:53:44","guid":{"rendered":"https:\/\/www.palumboegigante.it\/prodotto\/seamaster-diver-300m-9\/"},"modified":"2026-04-24T03:12:49","modified_gmt":"2026-04-24T01:12:49","slug":"seamaster-diver-300m-9","status":"publish","type":"product","link":"https:\/\/www.palumboegigante.it\/en\/product\/seamaster-diver-300m-9\/","title":{"rendered":"Seamaster Diver 300m"},"content":{"rendered":"<p>Questo Seamaster Diver 300M da 42 mm con cassa in acciaio inossidabile \u00e8 corredato di un cinturino in caucci\u00f9 blu. Il quadrante in ceramica nella tonalit\u00e0 OMEGA Summer Blue \u00e8 trattato con PVD e presenta una finitura sfumata che riflette il livello di impermeabilit\u00e0 dell\u2019orologio. Inoltre, sfoggia anche il famoso motivo a onde del modello 300M.  Una lunetta in ceramica blu con scala graduata in smalto Summer Blue \u201cGrand Feu\u201d circonda il quadrante, dove spiccano lancette scheletrate rodiate e indici in rilievo riempiti di Super-LumiNova azzurra.  Girando l&#8217;orologio si scopre un logo commemorativo Seamaster stampato, che raffigura Poseidone con il suo tridente e due cavallucci marini: il logo OMEGA originale del 1956 si unisce a quello attuale. Dietro il fondello si cela il calibro OMEGA Co-Axial Master Chronometer 8800, certificato dall\u2019Istituto Federale Svizzero di Metrologia (METAS) secondo i pi\u00f9 elevati standard del settore.<\/p>\n","protected":false},"excerpt":{"rendered":"<p>42 mm, acciaio su cinturino in caucci\u00f9<\/p>\n","protected":false},"featured_media":8373,"template":"","meta":{"_acf_changed":false,"inline_featured_image":false},"product_brand":[],"product_cat":[28],"product_tag":[],"class_list":{"0":"post-8377","1":"product","2":"type-product","3":"status-publish","4":"has-post-thumbnail","6":"product_cat-automatici","7":"pa_brand-omega","9":"first","10":"instock","11":"shipping-taxable","12":"purchasable","13":"product-type-simple","14":"add-to-wishlist-before_image"},"acf":[],"yoast_head":"<!-- This site is optimized with the Yoast SEO plugin v27.3 - https:\/\/yoast.com\/product\/yoast-seo-wordpress\/ -->\n<title>Seamaster Diver 300m OMEGA | Palumbo &amp; Gigante Palermo e Termini Imerese<\/title>\n<meta name=\"description\" content=\"Seamaster Diver 300m 42 mm, acciaio su cinturino in caucci\u00f9 OMEGA: acquista online o prenota un appuntamento in boutique.\" \/>\n<meta name=\"robots\" content=\"index, follow, max-snippet:-1, max-image-preview:large, max-video-preview:-1\" \/>\n<link rel=\"canonical\" href=\"https:\/\/www.palumboegigante.it\/it\/prodotto\/seamaster-diver-300m-9\/\" \/>\n<meta property=\"og:locale\" content=\"en_US\" \/>\n<meta property=\"og:type\" content=\"article\" \/>\n<meta property=\"og:title\" content=\"Seamaster Diver 300m OMEGA | Palumbo &amp; Gigante Palermo e Termini Imerese\" \/>\n<meta property=\"og:description\" content=\"Seamaster Diver 300m 42 mm, acciaio su cinturino in caucci\u00f9 OMEGA: acquista online o prenota un appuntamento in boutique.\" \/>\n<meta property=\"og:url\" content=\"https:\/\/www.palumboegigante.it\/it\/prodotto\/seamaster-diver-300m-9\/\" \/>\n<meta property=\"og:site_name\" content=\"Palumbo &amp; Gigante\" \/>\n<meta property=\"article:publisher\" content=\"https:\/\/www.facebook.com\/palumboegigante\/\" \/>\n<meta property=\"article:modified_time\" content=\"2026-04-24T01:12:49+00:00\" \/>\n<meta property=\"og:image\" content=\"https:\/\/www.palumboegigante.it\/wp-content\/uploads\/2024\/07\/7ba28736-135d-47d9-8b8b-59d3ee9a50f5.png\" \/>\n\t<meta property=\"og:image:width\" content=\"1080\" \/>\n\t<meta property=\"og:image:height\" content=\"1080\" \/>\n\t<meta property=\"og:image:type\" content=\"image\/png\" \/>\n<meta name=\"twitter:card\" content=\"summary_large_image\" \/>\n<meta name=\"twitter:label1\" content=\"Est. reading time\" \/>\n\t<meta name=\"twitter:data1\" content=\"1 minute\" \/>\n<script type=\"application\/ld+json\" class=\"yoast-schema-graph\">{\"@context\":\"https:\\\/\\\/schema.org\",\"@graph\":[{\"@type\":\"WebPage\",\"@id\":\"https:\\\/\\\/www.palumboegigante.it\\\/it\\\/prodotto\\\/seamaster-diver-300m-9\\\/\",\"url\":\"https:\\\/\\\/www.palumboegigante.it\\\/it\\\/prodotto\\\/seamaster-diver-300m-9\\\/\",\"name\":\"Seamaster Diver 300m OMEGA | Palumbo &amp; Gigante Palermo e Termini Imerese\",\"isPartOf\":{\"@id\":\"https:\\\/\\\/www.palumboegigante.it\\\/it\\\/#website\"},\"primaryImageOfPage\":{\"@id\":\"https:\\\/\\\/www.palumboegigante.it\\\/it\\\/prodotto\\\/seamaster-diver-300m-9\\\/#primaryimage\"},\"image\":{\"@id\":\"https:\\\/\\\/www.palumboegigante.it\\\/it\\\/prodotto\\\/seamaster-diver-300m-9\\\/#primaryimage\"},\"thumbnailUrl\":\"https:\\\/\\\/www.palumboegigante.it\\\/wp-content\\\/uploads\\\/2024\\\/07\\\/7ba28736-135d-47d9-8b8b-59d3ee9a50f5.png\",\"datePublished\":\"2024-07-09T14:53:44+00:00\",\"dateModified\":\"2026-04-24T01:12:49+00:00\",\"description\":\"Seamaster Diver 300m 42 mm, acciaio su cinturino in caucci\u00f9 OMEGA: acquista online o prenota un appuntamento in boutique.\",\"breadcrumb\":{\"@id\":\"https:\\\/\\\/www.palumboegigante.it\\\/it\\\/prodotto\\\/seamaster-diver-300m-9\\\/#breadcrumb\"},\"inLanguage\":\"en-US\",\"potentialAction\":[{\"@type\":\"ReadAction\",\"target\":[\"https:\\\/\\\/www.palumboegigante.it\\\/it\\\/prodotto\\\/seamaster-diver-300m-9\\\/\"]}]},{\"@type\":\"ImageObject\",\"inLanguage\":\"en-US\",\"@id\":\"https:\\\/\\\/www.palumboegigante.it\\\/it\\\/prodotto\\\/seamaster-diver-300m-9\\\/#primaryimage\",\"url\":\"https:\\\/\\\/www.palumboegigante.it\\\/wp-content\\\/uploads\\\/2024\\\/07\\\/7ba28736-135d-47d9-8b8b-59d3ee9a50f5.png\",\"contentUrl\":\"https:\\\/\\\/www.palumboegigante.it\\\/wp-content\\\/uploads\\\/2024\\\/07\\\/7ba28736-135d-47d9-8b8b-59d3ee9a50f5.png\",\"width\":1080,\"height\":1080,\"caption\":\"Seamaster Diver 300m\"},{\"@type\":\"BreadcrumbList\",\"@id\":\"https:\\\/\\\/www.palumboegigante.it\\\/it\\\/prodotto\\\/seamaster-diver-300m-9\\\/#breadcrumb\",\"itemListElement\":[{\"@type\":\"ListItem\",\"position\":1,\"name\":\"Home\",\"item\":\"https:\\\/\\\/www.palumboegigante.it\\\/en\\\/homepage-en\\\/\"},{\"@type\":\"ListItem\",\"position\":2,\"name\":\"Shop\",\"item\":\"https:\\\/\\\/www.palumboegigante.it\\\/en\\\/shop-2\\\/\"},{\"@type\":\"ListItem\",\"position\":3,\"name\":\"Seamaster Diver 300m\"}]},{\"@type\":\"WebSite\",\"@id\":\"https:\\\/\\\/www.palumboegigante.it\\\/it\\\/#website\",\"url\":\"https:\\\/\\\/www.palumboegigante.it\\\/it\\\/\",\"name\":\"Palumbo &amp; Gigante\",\"description\":\"\",\"publisher\":{\"@id\":\"https:\\\/\\\/www.palumboegigante.it\\\/it\\\/#organization\"},\"potentialAction\":[{\"@type\":\"SearchAction\",\"target\":{\"@type\":\"EntryPoint\",\"urlTemplate\":\"https:\\\/\\\/www.palumboegigante.it\\\/it\\\/?s={search_term_string}\"},\"query-input\":{\"@type\":\"PropertyValueSpecification\",\"valueRequired\":true,\"valueName\":\"search_term_string\"}}],\"inLanguage\":\"en-US\"},{\"@type\":\"Organization\",\"@id\":\"https:\\\/\\\/www.palumboegigante.it\\\/it\\\/#organization\",\"name\":\"Palumbo & Gigante\",\"url\":\"https:\\\/\\\/www.palumboegigante.it\\\/it\\\/\",\"logo\":{\"@type\":\"ImageObject\",\"inLanguage\":\"en-US\",\"@id\":\"https:\\\/\\\/www.palumboegigante.it\\\/it\\\/#\\\/schema\\\/logo\\\/image\\\/\",\"url\":\"https:\\\/\\\/www.palumboegigante.it\\\/wp-content\\\/uploads\\\/2024\\\/03\\\/logo.png\",\"contentUrl\":\"https:\\\/\\\/www.palumboegigante.it\\\/wp-content\\\/uploads\\\/2024\\\/03\\\/logo.png\",\"width\":112,\"height\":112,\"caption\":\"Palumbo & Gigante\"},\"image\":{\"@id\":\"https:\\\/\\\/www.palumboegigante.it\\\/it\\\/#\\\/schema\\\/logo\\\/image\\\/\"},\"sameAs\":[\"https:\\\/\\\/www.facebook.com\\\/palumboegigante\\\/\",\"https:\\\/\\\/www.instagram.com\\\/palumboegigante\\\/\"]}]}<\/script>\n<!-- \/ Yoast SEO plugin. -->","yoast_head_json":{"title":"Seamaster Diver 300m OMEGA | Palumbo &amp; Gigante Palermo e Termini Imerese","description":"Seamaster Diver 300m 42 mm, acciaio su cinturino in caucci\u00f9 OMEGA: acquista online o prenota un appuntamento in boutique.","robots":{"index":"index","follow":"follow","max-snippet":"max-snippet:-1","max-image-preview":"max-image-preview:large","max-video-preview":"max-video-preview:-1"},"canonical":"https:\/\/www.palumboegigante.it\/it\/prodotto\/seamaster-diver-300m-9\/","og_locale":"en_US","og_type":"article","og_title":"Seamaster Diver 300m OMEGA | Palumbo &amp; Gigante Palermo e Termini Imerese","og_description":"Seamaster Diver 300m 42 mm, acciaio su cinturino in caucci\u00f9 OMEGA: acquista online o prenota un appuntamento in boutique.","og_url":"https:\/\/www.palumboegigante.it\/it\/prodotto\/seamaster-diver-300m-9\/","og_site_name":"Palumbo &amp; Gigante","article_publisher":"https:\/\/www.facebook.com\/palumboegigante\/","article_modified_time":"2026-04-24T01:12:49+00:00","og_image":[{"width":1080,"height":1080,"url":"https:\/\/www.palumboegigante.it\/wp-content\/uploads\/2024\/07\/7ba28736-135d-47d9-8b8b-59d3ee9a50f5.png","type":"image\/png"}],"twitter_card":"summary_large_image","twitter_misc":{"Est. reading time":"1 minute"},"schema":{"@context":"https:\/\/schema.org","@graph":[{"@type":"WebPage","@id":"https:\/\/www.palumboegigante.it\/it\/prodotto\/seamaster-diver-300m-9\/","url":"https:\/\/www.palumboegigante.it\/it\/prodotto\/seamaster-diver-300m-9\/","name":"Seamaster Diver 300m OMEGA | Palumbo &amp; Gigante Palermo e Termini Imerese","isPartOf":{"@id":"https:\/\/www.palumboegigante.it\/it\/#website"},"primaryImageOfPage":{"@id":"https:\/\/www.palumboegigante.it\/it\/prodotto\/seamaster-diver-300m-9\/#primaryimage"},"image":{"@id":"https:\/\/www.palumboegigante.it\/it\/prodotto\/seamaster-diver-300m-9\/#primaryimage"},"thumbnailUrl":"https:\/\/www.palumboegigante.it\/wp-content\/uploads\/2024\/07\/7ba28736-135d-47d9-8b8b-59d3ee9a50f5.png","datePublished":"2024-07-09T14:53:44+00:00","dateModified":"2026-04-24T01:12:49+00:00","description":"Seamaster Diver 300m 42 mm, acciaio su cinturino in caucci\u00f9 OMEGA: acquista online o prenota un appuntamento in boutique.","breadcrumb":{"@id":"https:\/\/www.palumboegigante.it\/it\/prodotto\/seamaster-diver-300m-9\/#breadcrumb"},"inLanguage":"en-US","potentialAction":[{"@type":"ReadAction","target":["https:\/\/www.palumboegigante.it\/it\/prodotto\/seamaster-diver-300m-9\/"]}]},{"@type":"ImageObject","inLanguage":"en-US","@id":"https:\/\/www.palumboegigante.it\/it\/prodotto\/seamaster-diver-300m-9\/#primaryimage","url":"https:\/\/www.palumboegigante.it\/wp-content\/uploads\/2024\/07\/7ba28736-135d-47d9-8b8b-59d3ee9a50f5.png","contentUrl":"https:\/\/www.palumboegigante.it\/wp-content\/uploads\/2024\/07\/7ba28736-135d-47d9-8b8b-59d3ee9a50f5.png","width":1080,"height":1080,"caption":"Seamaster Diver 300m"},{"@type":"BreadcrumbList","@id":"https:\/\/www.palumboegigante.it\/it\/prodotto\/seamaster-diver-300m-9\/#breadcrumb","itemListElement":[{"@type":"ListItem","position":1,"name":"Home","item":"https:\/\/www.palumboegigante.it\/en\/homepage-en\/"},{"@type":"ListItem","position":2,"name":"Shop","item":"https:\/\/www.palumboegigante.it\/en\/shop-2\/"},{"@type":"ListItem","position":3,"name":"Seamaster Diver 300m"}]},{"@type":"WebSite","@id":"https:\/\/www.palumboegigante.it\/it\/#website","url":"https:\/\/www.palumboegigante.it\/it\/","name":"Palumbo &amp; Gigante","description":"","publisher":{"@id":"https:\/\/www.palumboegigante.it\/it\/#organization"},"potentialAction":[{"@type":"SearchAction","target":{"@type":"EntryPoint","urlTemplate":"https:\/\/www.palumboegigante.it\/it\/?s={search_term_string}"},"query-input":{"@type":"PropertyValueSpecification","valueRequired":true,"valueName":"search_term_string"}}],"inLanguage":"en-US"},{"@type":"Organization","@id":"https:\/\/www.palumboegigante.it\/it\/#organization","name":"Palumbo & Gigante","url":"https:\/\/www.palumboegigante.it\/it\/","logo":{"@type":"ImageObject","inLanguage":"en-US","@id":"https:\/\/www.palumboegigante.it\/it\/#\/schema\/logo\/image\/","url":"https:\/\/www.palumboegigante.it\/wp-content\/uploads\/2024\/03\/logo.png","contentUrl":"https:\/\/www.palumboegigante.it\/wp-content\/uploads\/2024\/03\/logo.png","width":112,"height":112,"caption":"Palumbo & Gigante"},"image":{"@id":"https:\/\/www.palumboegigante.it\/it\/#\/schema\/logo\/image\/"},"sameAs":["https:\/\/www.facebook.com\/palumboegigante\/","https:\/\/www.instagram.com\/palumboegigante\/"]}]}},"_links":{"self":[{"href":"https:\/\/www.palumboegigante.it\/en\/wp-json\/wp\/v2\/product\/8377","targetHints":{"allow":["GET"]}}],"collection":[{"href":"https:\/\/www.palumboegigante.it\/en\/wp-json\/wp\/v2\/product"}],"about":[{"href":"https:\/\/www.palumboegigante.it\/en\/wp-json\/wp\/v2\/types\/product"}],"wp:featuredmedia":[{"embeddable":true,"href":"https:\/\/www.palumboegigante.it\/en\/wp-json\/wp\/v2\/media\/8373"}],"wp:attachment":[{"href":"https:\/\/www.palumboegigante.it\/en\/wp-json\/wp\/v2\/media?parent=8377"}],"wp:term":[{"taxonomy":"product_brand","embeddable":true,"href":"https:\/\/www.palumboegigante.it\/en\/wp-json\/wp\/v2\/product_brand?post=8377"},{"taxonomy":"product_cat","embeddable":true,"href":"https:\/\/www.palumboegigante.it\/en\/wp-json\/wp\/v2\/product_cat?post=8377"},{"taxonomy":"product_tag","embeddable":true,"href":"https:\/\/www.palumboegigante.it\/en\/wp-json\/wp\/v2\/product_tag?post=8377"}],"curies":[{"name":"wp","href":"https:\/\/api.w.org\/{rel}","templated":true}]}}