{"id":7465,"date":"2024-05-24T11:53:21","date_gmt":"2024-05-24T09:53:21","guid":{"rendered":"https:\/\/www.palumboegigante.it\/prodotto\/bacchantes-vaso-piccolo\/"},"modified":"2026-04-15T03:09:41","modified_gmt":"2026-04-15T01:09:41","slug":"bacchantes-vaso-piccolo","status":"publish","type":"product","link":"https:\/\/www.palumboegigante.it\/en\/product\/bacchantes-vaso-piccolo\/","title":{"rendered":"Bacchantes Vaso Piccolo"},"content":{"rendered":"<p>Nel 1927, l&#8217;immaginazione senza limiti e il genio creativo di Ren\u00e9 LALIQUE portarono alla creazione del vaso Bacchantes.  Come uno splendido insolente e una sensualit\u00e0 inquietante, le giovani sacerdotesse di Bacco offrivano la loro bellezza e le loro curve.  Oggi, questa maestosa ode alla femminilit\u00e0 \u00e8 reinterpretata nel vaso di piccole dimensioni, questo giro di nudi scultorei \u00e8 uno stile emblematico di Lalique. Il cristallo satinato ricorda la morbidezza della texture della pelle mentre il gioco di luce d\u00e0 vita e movimento alla creazione, plasmata dalla mano dell&#8217;artista.<\/p>\n","protected":false},"excerpt":{"rendered":"<p>Cristallo trasparente<\/p>\n","protected":false},"featured_media":6079,"template":"","meta":{"_acf_changed":false,"inline_featured_image":false},"product_brand":[],"product_cat":[74],"product_tag":[],"class_list":{"0":"post-7465","1":"product","2":"type-product","3":"status-publish","4":"has-post-thumbnail","6":"product_cat-vasi","7":"pa_brand-lalique","9":"first","10":"instock","11":"shipping-taxable","12":"purchasable","13":"product-type-simple","14":"add-to-wishlist-before_image"},"acf":[],"yoast_head":"<!-- This site is optimized with the Yoast SEO plugin v27.3 - https:\/\/yoast.com\/product\/yoast-seo-wordpress\/ -->\n<title>Bacchantes Vaso Piccolo LALIQUE | Palumbo &amp; Gigante Palermo e Termini Imerese<\/title>\n<meta name=\"description\" content=\"Bacchantes Vaso Piccolo Cristallo trasparente LALIQUE: acquista online o prenota un appuntamento in boutique.\" \/>\n<meta name=\"robots\" content=\"index, follow, max-snippet:-1, max-image-preview:large, max-video-preview:-1\" \/>\n<link rel=\"canonical\" href=\"https:\/\/www.palumboegigante.it\/it\/prodotto\/bacchantes-vaso-piccolo\/\" \/>\n<meta property=\"og:locale\" content=\"en_US\" \/>\n<meta property=\"og:type\" content=\"article\" \/>\n<meta property=\"og:title\" content=\"Bacchantes Vaso Piccolo LALIQUE | Palumbo &amp; Gigante Palermo e Termini Imerese\" \/>\n<meta property=\"og:description\" content=\"Bacchantes Vaso Piccolo Cristallo trasparente LALIQUE: acquista online o prenota un appuntamento in boutique.\" \/>\n<meta property=\"og:url\" content=\"https:\/\/www.palumboegigante.it\/it\/prodotto\/bacchantes-vaso-piccolo\/\" \/>\n<meta property=\"og:site_name\" content=\"Palumbo &amp; Gigante\" \/>\n<meta property=\"article:publisher\" content=\"https:\/\/www.facebook.com\/palumboegigante\/\" \/>\n<meta property=\"article:modified_time\" content=\"2026-04-15T01:09:41+00:00\" \/>\n<meta property=\"og:image\" content=\"https:\/\/www.palumboegigante.it\/wp-content\/uploads\/2024\/03\/3160676d-b27a-424b-8440-1a3656cdcb08.png\" \/>\n\t<meta property=\"og:image:width\" content=\"1946\" \/>\n\t<meta property=\"og:image:height\" content=\"1946\" \/>\n\t<meta property=\"og:image:type\" content=\"image\/png\" \/>\n<meta name=\"twitter:card\" content=\"summary_large_image\" \/>\n<script type=\"application\/ld+json\" class=\"yoast-schema-graph\">{\"@context\":\"https:\\\/\\\/schema.org\",\"@graph\":[{\"@type\":\"WebPage\",\"@id\":\"https:\\\/\\\/www.palumboegigante.it\\\/it\\\/prodotto\\\/bacchantes-vaso-piccolo\\\/\",\"url\":\"https:\\\/\\\/www.palumboegigante.it\\\/it\\\/prodotto\\\/bacchantes-vaso-piccolo\\\/\",\"name\":\"Bacchantes Vaso Piccolo LALIQUE | Palumbo &amp; Gigante Palermo e Termini Imerese\",\"isPartOf\":{\"@id\":\"https:\\\/\\\/www.palumboegigante.it\\\/it\\\/#website\"},\"primaryImageOfPage\":{\"@id\":\"https:\\\/\\\/www.palumboegigante.it\\\/it\\\/prodotto\\\/bacchantes-vaso-piccolo\\\/#primaryimage\"},\"image\":{\"@id\":\"https:\\\/\\\/www.palumboegigante.it\\\/it\\\/prodotto\\\/bacchantes-vaso-piccolo\\\/#primaryimage\"},\"thumbnailUrl\":\"https:\\\/\\\/www.palumboegigante.it\\\/wp-content\\\/uploads\\\/2024\\\/03\\\/3160676d-b27a-424b-8440-1a3656cdcb08.png\",\"datePublished\":\"2024-05-24T09:53:21+00:00\",\"dateModified\":\"2026-04-15T01:09:41+00:00\",\"description\":\"Bacchantes Vaso Piccolo Cristallo trasparente LALIQUE: acquista online o prenota un appuntamento in boutique.\",\"breadcrumb\":{\"@id\":\"https:\\\/\\\/www.palumboegigante.it\\\/it\\\/prodotto\\\/bacchantes-vaso-piccolo\\\/#breadcrumb\"},\"inLanguage\":\"en-US\",\"potentialAction\":[{\"@type\":\"ReadAction\",\"target\":[\"https:\\\/\\\/www.palumboegigante.it\\\/it\\\/prodotto\\\/bacchantes-vaso-piccolo\\\/\"]}]},{\"@type\":\"ImageObject\",\"inLanguage\":\"en-US\",\"@id\":\"https:\\\/\\\/www.palumboegigante.it\\\/it\\\/prodotto\\\/bacchantes-vaso-piccolo\\\/#primaryimage\",\"url\":\"https:\\\/\\\/www.palumboegigante.it\\\/wp-content\\\/uploads\\\/2024\\\/03\\\/3160676d-b27a-424b-8440-1a3656cdcb08.png\",\"contentUrl\":\"https:\\\/\\\/www.palumboegigante.it\\\/wp-content\\\/uploads\\\/2024\\\/03\\\/3160676d-b27a-424b-8440-1a3656cdcb08.png\",\"width\":1946,\"height\":1946,\"caption\":\"Bacchantes Vaso Piccolo\"},{\"@type\":\"BreadcrumbList\",\"@id\":\"https:\\\/\\\/www.palumboegigante.it\\\/it\\\/prodotto\\\/bacchantes-vaso-piccolo\\\/#breadcrumb\",\"itemListElement\":[{\"@type\":\"ListItem\",\"position\":1,\"name\":\"Home\",\"item\":\"https:\\\/\\\/www.palumboegigante.it\\\/en\\\/homepage-en\\\/\"},{\"@type\":\"ListItem\",\"position\":2,\"name\":\"Shop\",\"item\":\"https:\\\/\\\/www.palumboegigante.it\\\/en\\\/shop-2\\\/\"},{\"@type\":\"ListItem\",\"position\":3,\"name\":\"Bacchantes Vaso Piccolo\"}]},{\"@type\":\"WebSite\",\"@id\":\"https:\\\/\\\/www.palumboegigante.it\\\/it\\\/#website\",\"url\":\"https:\\\/\\\/www.palumboegigante.it\\\/it\\\/\",\"name\":\"Palumbo &amp; Gigante\",\"description\":\"\",\"publisher\":{\"@id\":\"https:\\\/\\\/www.palumboegigante.it\\\/it\\\/#organization\"},\"potentialAction\":[{\"@type\":\"SearchAction\",\"target\":{\"@type\":\"EntryPoint\",\"urlTemplate\":\"https:\\\/\\\/www.palumboegigante.it\\\/it\\\/?s={search_term_string}\"},\"query-input\":{\"@type\":\"PropertyValueSpecification\",\"valueRequired\":true,\"valueName\":\"search_term_string\"}}],\"inLanguage\":\"en-US\"},{\"@type\":\"Organization\",\"@id\":\"https:\\\/\\\/www.palumboegigante.it\\\/it\\\/#organization\",\"name\":\"Palumbo & Gigante\",\"url\":\"https:\\\/\\\/www.palumboegigante.it\\\/it\\\/\",\"logo\":{\"@type\":\"ImageObject\",\"inLanguage\":\"en-US\",\"@id\":\"https:\\\/\\\/www.palumboegigante.it\\\/it\\\/#\\\/schema\\\/logo\\\/image\\\/\",\"url\":\"https:\\\/\\\/www.palumboegigante.it\\\/wp-content\\\/uploads\\\/2024\\\/03\\\/logo.png\",\"contentUrl\":\"https:\\\/\\\/www.palumboegigante.it\\\/wp-content\\\/uploads\\\/2024\\\/03\\\/logo.png\",\"width\":112,\"height\":112,\"caption\":\"Palumbo & Gigante\"},\"image\":{\"@id\":\"https:\\\/\\\/www.palumboegigante.it\\\/it\\\/#\\\/schema\\\/logo\\\/image\\\/\"},\"sameAs\":[\"https:\\\/\\\/www.facebook.com\\\/palumboegigante\\\/\",\"https:\\\/\\\/www.instagram.com\\\/palumboegigante\\\/\"]}]}<\/script>\n<!-- \/ Yoast SEO plugin. -->","yoast_head_json":{"title":"Bacchantes Vaso Piccolo LALIQUE | Palumbo &amp; Gigante Palermo e Termini Imerese","description":"Bacchantes Vaso Piccolo Cristallo trasparente LALIQUE: acquista online o prenota un appuntamento in boutique.","robots":{"index":"index","follow":"follow","max-snippet":"max-snippet:-1","max-image-preview":"max-image-preview:large","max-video-preview":"max-video-preview:-1"},"canonical":"https:\/\/www.palumboegigante.it\/it\/prodotto\/bacchantes-vaso-piccolo\/","og_locale":"en_US","og_type":"article","og_title":"Bacchantes Vaso Piccolo LALIQUE | Palumbo &amp; Gigante Palermo e Termini Imerese","og_description":"Bacchantes Vaso Piccolo Cristallo trasparente LALIQUE: acquista online o prenota un appuntamento in boutique.","og_url":"https:\/\/www.palumboegigante.it\/it\/prodotto\/bacchantes-vaso-piccolo\/","og_site_name":"Palumbo &amp; Gigante","article_publisher":"https:\/\/www.facebook.com\/palumboegigante\/","article_modified_time":"2026-04-15T01:09:41+00:00","og_image":[{"width":1946,"height":1946,"url":"https:\/\/www.palumboegigante.it\/wp-content\/uploads\/2024\/03\/3160676d-b27a-424b-8440-1a3656cdcb08.png","type":"image\/png"}],"twitter_card":"summary_large_image","schema":{"@context":"https:\/\/schema.org","@graph":[{"@type":"WebPage","@id":"https:\/\/www.palumboegigante.it\/it\/prodotto\/bacchantes-vaso-piccolo\/","url":"https:\/\/www.palumboegigante.it\/it\/prodotto\/bacchantes-vaso-piccolo\/","name":"Bacchantes Vaso Piccolo LALIQUE | Palumbo &amp; Gigante Palermo e Termini Imerese","isPartOf":{"@id":"https:\/\/www.palumboegigante.it\/it\/#website"},"primaryImageOfPage":{"@id":"https:\/\/www.palumboegigante.it\/it\/prodotto\/bacchantes-vaso-piccolo\/#primaryimage"},"image":{"@id":"https:\/\/www.palumboegigante.it\/it\/prodotto\/bacchantes-vaso-piccolo\/#primaryimage"},"thumbnailUrl":"https:\/\/www.palumboegigante.it\/wp-content\/uploads\/2024\/03\/3160676d-b27a-424b-8440-1a3656cdcb08.png","datePublished":"2024-05-24T09:53:21+00:00","dateModified":"2026-04-15T01:09:41+00:00","description":"Bacchantes Vaso Piccolo Cristallo trasparente LALIQUE: acquista online o prenota un appuntamento in boutique.","breadcrumb":{"@id":"https:\/\/www.palumboegigante.it\/it\/prodotto\/bacchantes-vaso-piccolo\/#breadcrumb"},"inLanguage":"en-US","potentialAction":[{"@type":"ReadAction","target":["https:\/\/www.palumboegigante.it\/it\/prodotto\/bacchantes-vaso-piccolo\/"]}]},{"@type":"ImageObject","inLanguage":"en-US","@id":"https:\/\/www.palumboegigante.it\/it\/prodotto\/bacchantes-vaso-piccolo\/#primaryimage","url":"https:\/\/www.palumboegigante.it\/wp-content\/uploads\/2024\/03\/3160676d-b27a-424b-8440-1a3656cdcb08.png","contentUrl":"https:\/\/www.palumboegigante.it\/wp-content\/uploads\/2024\/03\/3160676d-b27a-424b-8440-1a3656cdcb08.png","width":1946,"height":1946,"caption":"Bacchantes Vaso Piccolo"},{"@type":"BreadcrumbList","@id":"https:\/\/www.palumboegigante.it\/it\/prodotto\/bacchantes-vaso-piccolo\/#breadcrumb","itemListElement":[{"@type":"ListItem","position":1,"name":"Home","item":"https:\/\/www.palumboegigante.it\/en\/homepage-en\/"},{"@type":"ListItem","position":2,"name":"Shop","item":"https:\/\/www.palumboegigante.it\/en\/shop-2\/"},{"@type":"ListItem","position":3,"name":"Bacchantes Vaso Piccolo"}]},{"@type":"WebSite","@id":"https:\/\/www.palumboegigante.it\/it\/#website","url":"https:\/\/www.palumboegigante.it\/it\/","name":"Palumbo &amp; Gigante","description":"","publisher":{"@id":"https:\/\/www.palumboegigante.it\/it\/#organization"},"potentialAction":[{"@type":"SearchAction","target":{"@type":"EntryPoint","urlTemplate":"https:\/\/www.palumboegigante.it\/it\/?s={search_term_string}"},"query-input":{"@type":"PropertyValueSpecification","valueRequired":true,"valueName":"search_term_string"}}],"inLanguage":"en-US"},{"@type":"Organization","@id":"https:\/\/www.palumboegigante.it\/it\/#organization","name":"Palumbo & Gigante","url":"https:\/\/www.palumboegigante.it\/it\/","logo":{"@type":"ImageObject","inLanguage":"en-US","@id":"https:\/\/www.palumboegigante.it\/it\/#\/schema\/logo\/image\/","url":"https:\/\/www.palumboegigante.it\/wp-content\/uploads\/2024\/03\/logo.png","contentUrl":"https:\/\/www.palumboegigante.it\/wp-content\/uploads\/2024\/03\/logo.png","width":112,"height":112,"caption":"Palumbo & Gigante"},"image":{"@id":"https:\/\/www.palumboegigante.it\/it\/#\/schema\/logo\/image\/"},"sameAs":["https:\/\/www.facebook.com\/palumboegigante\/","https:\/\/www.instagram.com\/palumboegigante\/"]}]}},"_links":{"self":[{"href":"https:\/\/www.palumboegigante.it\/en\/wp-json\/wp\/v2\/product\/7465","targetHints":{"allow":["GET"]}}],"collection":[{"href":"https:\/\/www.palumboegigante.it\/en\/wp-json\/wp\/v2\/product"}],"about":[{"href":"https:\/\/www.palumboegigante.it\/en\/wp-json\/wp\/v2\/types\/product"}],"wp:featuredmedia":[{"embeddable":true,"href":"https:\/\/www.palumboegigante.it\/en\/wp-json\/wp\/v2\/media\/6079"}],"wp:attachment":[{"href":"https:\/\/www.palumboegigante.it\/en\/wp-json\/wp\/v2\/media?parent=7465"}],"wp:term":[{"taxonomy":"product_brand","embeddable":true,"href":"https:\/\/www.palumboegigante.it\/en\/wp-json\/wp\/v2\/product_brand?post=7465"},{"taxonomy":"product_cat","embeddable":true,"href":"https:\/\/www.palumboegigante.it\/en\/wp-json\/wp\/v2\/product_cat?post=7465"},{"taxonomy":"product_tag","embeddable":true,"href":"https:\/\/www.palumboegigante.it\/en\/wp-json\/wp\/v2\/product_tag?post=7465"}],"curies":[{"name":"wp","href":"https:\/\/api.w.org\/{rel}","templated":true}]}}